{"id":315,"date":"2023-04-27T16:34:36","date_gmt":"2023-04-27T21:34:36","guid":{"rendered":"https:\/\/optimofuturo.com\/jerez\/?page_id=315"},"modified":"2023-04-27T16:35:27","modified_gmt":"2023-04-27T21:35:27","slug":"mejora-si","status":"publish","type":"page","link":"https:\/\/optimofuturo.com\/jerez\/mejora-si\/","title":{"rendered":"Mejora SI"},"content":{"rendered":"\t\t<div data-elementor-type=\"wp-page\" data-elementor-id=\"315\" class=\"elementor elementor-315\" data-elementor-post-type=\"page\">\n\t\t\t\t\t\t<section class=\"elementor-section elementor-top-section elementor-element elementor-element-75a29503 elementor-section-boxed elementor-section-height-default elementor-section-height-default\" data-id=\"75a29503\" data-element_type=\"section\" data-e-type=\"section\">\n\t\t\t\t\t\t<div class=\"elementor-container elementor-column-gap-default\">\n\t\t\t\t\t<div class=\"elementor-column elementor-col-50 elementor-top-column elementor-element elementor-element-bdff294\" data-id=\"bdff294\" data-element_type=\"column\" data-e-type=\"column\">\n\t\t\t<div class=\"elementor-widget-wrap elementor-element-populated\">\n\t\t\t\t\t\t<div class=\"elementor-element elementor-element-19e0981a elementor-widget elementor-widget-heading\" data-id=\"19e0981a\" data-element_type=\"widget\" data-e-type=\"widget\" data-widget_type=\"heading.default\">\n\t\t\t\t<div class=\"elementor-widget-container\">\n\t\t\t\t\t<h2 class=\"elementor-heading-title elementor-size-default\">Mejora SI<\/h2>\t\t\t\t<\/div>\n\t\t\t\t<\/div>\n\t\t\t\t<div class=\"elementor-element elementor-element-4eecdac6 elementor-widget elementor-widget-heading\" data-id=\"4eecdac6\" data-element_type=\"widget\" data-e-type=\"widget\" data-widget_type=\"heading.default\">\n\t\t\t\t<div class=\"elementor-widget-container\">\n\t\t\t\t\t<span class=\"elementor-heading-title elementor-size-medium\">Infonavit le prestar\u00e1 desde $5,500 pesos hasta $139,000 pesos a trabajadores informales para que puedan realizar mejoras en sus viviendas\u200b<\/span>\t\t\t\t<\/div>\n\t\t\t\t<\/div>\n\t\t\t\t<div class=\"elementor-element elementor-element-1bbe3796 elementor-widget elementor-widget-heading\" data-id=\"1bbe3796\" data-element_type=\"widget\" data-e-type=\"widget\" data-widget_type=\"heading.default\">\n\t\t\t\t<div class=\"elementor-widget-container\">\n\t\t\t\t\t<h3 class=\"elementor-heading-title elementor-size-large\">\u00bfC\u00f3mo funciona?<\/h3>\t\t\t\t<\/div>\n\t\t\t\t<\/div>\n\t\t\t\t<div class=\"elementor-element elementor-element-7e1acf47 elementor-widget elementor-widget-text-editor\" data-id=\"7e1acf47\" data-element_type=\"widget\" data-e-type=\"widget\" data-widget_type=\"text-editor.default\">\n\t\t\t\t<div class=\"elementor-widget-container\">\n\t\t\t\t\t\t\t\t\t<p>A trav\u00e9s de esta nueva modalidad de financiamiento, los trabajadores informales podr\u00e1n acceder desde $5,500 pesos hasta $139,000 pesos. Existen dos vertientes de este cr\u00e9dito y se diferencian por su tasa de inter\u00e9s; una es a tasa de 0%, que aplica en caso de que el acreditado utilice solamente el fondo de su Subcuenta, mientras que, quienes deseen un pr\u00e9stamo por un monto mayor al de su ahorro pagar\u00e1n una tasa del cuatro por ciento.<\/p><p>Cabe mencionar que el plazo m\u00e1ximo de pago son 5 a\u00f1os, el cual aplica para ambas tasas de inter\u00e9s; asimismo, el acreditado puede liquidar su financiamiento de manera anticipada sin recibir penalizaciones.<\/p>\t\t\t\t\t\t\t\t<\/div>\n\t\t\t\t<\/div>\n\t\t\t\t\t<\/div>\n\t\t<\/div>\n\t\t\t\t<div class=\"elementor-column elementor-col-50 elementor-top-column elementor-element elementor-element-1171a177\" data-id=\"1171a177\" data-element_type=\"column\" data-e-type=\"column\">\n\t\t\t<div class=\"elementor-widget-wrap elementor-element-populated\">\n\t\t\t\t\t\t<div class=\"elementor-element elementor-element-af072f2 elementor-widget elementor-widget-image\" data-id=\"af072f2\" data-element_type=\"widget\" data-e-type=\"widget\" data-widget_type=\"image.default\">\n\t\t\t\t<div class=\"elementor-widget-container\">\n\t\t\t\t\t\t\t\t\t\t\t\t\t\t\t<img fetchpriority=\"high\" decoding=\"async\" width=\"960\" height=\"540\" src=\"https:\/\/optimofuturo.com\/jerez\/wp-content\/uploads\/sites\/14\/2023\/04\/mejora-si.jpg\" class=\"attachment-large size-large wp-image-321\" alt=\"\" srcset=\"https:\/\/optimofuturo.com\/jerez\/wp-content\/uploads\/sites\/14\/2023\/04\/mejora-si.jpg 960w, https:\/\/optimofuturo.com\/jerez\/wp-content\/uploads\/sites\/14\/2023\/04\/mejora-si-300x169.jpg 300w, https:\/\/optimofuturo.com\/jerez\/wp-content\/uploads\/sites\/14\/2023\/04\/mejora-si-768x432.jpg 768w\" sizes=\"(max-width: 960px) 100vw, 960px\" \/>\t\t\t\t\t\t\t\t\t\t\t\t\t\t\t<\/div>\n\t\t\t\t<\/div>\n\t\t\t\t\t<\/div>\n\t\t<\/div>\n\t\t\t\t\t<\/div>\n\t\t<\/section>\n\t\t\t\t<\/div>\n\t\t","protected":false},"excerpt":{"rendered":"<p>Mejora SI Infonavit le prestar\u00e1 desde $5,500 pesos hasta $139,000 pesos a trabajadores informales para que puedan realizar mejoras en sus viviendas\u200b \u00bfC\u00f3mo funciona? A trav\u00e9s de esta nueva modalidad de financiamiento, los trabajadores informales podr\u00e1n acceder desde $5,500 pesos hasta $139,000 pesos. Existen dos vertientes de este cr\u00e9dito y se diferencian por su tasa [&hellip;]<\/p>\n","protected":false},"author":1,"featured_media":0,"parent":0,"menu_order":0,"comment_status":"closed","ping_status":"closed","template":"","meta":{"site-sidebar-layout":"no-sidebar","site-content-layout":"page-builder","ast-site-content-layout":"default","site-content-style":"default","site-sidebar-style":"default","ast-global-header-display":"","ast-banner-title-visibility":"","ast-main-header-display":"","ast-hfb-above-header-display":"","ast-hfb-below-header-display":"","ast-hfb-mobile-header-display":"","site-post-title":"disabled","ast-breadcrumbs-content":"","ast-featured-img":"disabled","footer-sml-layout":"","ast-disable-related-posts":"","theme-transparent-header-meta":"","adv-header-id-meta":"","stick-header-meta":"","header-above-stick-meta":"","header-main-stick-meta":"","header-below-stick-meta":"","astra-migrate-meta-layouts":"default","ast-page-background-enabled":"default","ast-page-background-meta":{"desktop":{"background-color":"var(--ast-global-color-4)","background-image":"","background-repeat":"repeat","background-position":"center center","background-size":"auto","background-attachment":"scroll","background-type":"","background-media":"","overlay-type":"","overlay-color":"","overlay-opacity":"","overlay-gradient":""},"tablet":{"background-color":"","background-image":"","background-repeat":"repeat","background-position":"center center","background-size":"auto","background-attachment":"scroll","background-type":"","background-media":"","overlay-type":"","overlay-color":"","overlay-opacity":"","overlay-gradient":""},"mobile":{"background-color":"","background-image":"","background-repeat":"repeat","background-position":"center center","background-size":"auto","background-attachment":"scroll","background-type":"","background-media":"","overlay-type":"","overlay-color":"","overlay-opacity":"","overlay-gradient":""}},"ast-content-background-meta":{"desktop":{"background-color":"var(--ast-global-color-5)","background-image":"","background-repeat":"repeat","background-position":"center center","background-size":"auto","background-attachment":"scroll","background-type":"","background-media":"","overlay-type":"","overlay-color":"","overlay-opacity":"","overlay-gradient":""},"tablet":{"background-color":"var(--ast-global-color-5)","background-image":"","background-repeat":"repeat","background-position":"center center","background-size":"auto","background-attachment":"scroll","background-type":"","background-media":"","overlay-type":"","overlay-color":"","overlay-opacity":"","overlay-gradient":""},"mobile":{"background-color":"var(--ast-global-color-5)","background-image":"","background-repeat":"repeat","background-position":"center center","background-size":"auto","background-attachment":"scroll","background-type":"","background-media":"","overlay-type":"","overlay-color":"","overlay-opacity":"","overlay-gradient":""}},"footnotes":""},"class_list":["post-315","page","type-page","status-publish","hentry"],"yoast_head":"<!-- This site is optimized with the Yoast SEO plugin v25.6 - https:\/\/yoast.com\/wordpress\/plugins\/seo\/ -->\n<title>Mejora SI - Sucursal Jerez<\/title>\n<meta name=\"robots\" content=\"index, follow, max-snippet:-1, max-image-preview:large, max-video-preview:-1\" \/>\n<link rel=\"canonical\" href=\"https:\/\/optimofuturo.com\/jerez\/mejora-si\/\" \/>\n<meta property=\"og:locale\" content=\"es_MX\" \/>\n<meta property=\"og:type\" content=\"article\" \/>\n<meta property=\"og:title\" content=\"Mejora SI - Sucursal Jerez\" \/>\n<meta property=\"og:description\" content=\"Mejora SI Infonavit le prestar\u00e1 desde $5,500 pesos hasta $139,000 pesos a trabajadores informales para que puedan realizar mejoras en sus viviendas\u200b \u00bfC\u00f3mo funciona? A trav\u00e9s de esta nueva modalidad de financiamiento, los trabajadores informales podr\u00e1n acceder desde $5,500 pesos hasta $139,000 pesos. Existen dos vertientes de este cr\u00e9dito y se diferencian por su tasa [&hellip;]\" \/>\n<meta property=\"og:url\" content=\"https:\/\/optimofuturo.com\/jerez\/mejora-si\/\" \/>\n<meta property=\"og:site_name\" content=\"Sucursal Jerez\" \/>\n<meta property=\"article:modified_time\" content=\"2023-04-27T21:35:27+00:00\" \/>\n<meta property=\"og:image\" content=\"https:\/\/optimofuturo.com\/jerez\/wp-content\/uploads\/sites\/14\/2023\/04\/mejora-si.jpg\" \/>\n<meta name=\"twitter:card\" content=\"summary_large_image\" \/>\n<meta name=\"twitter:label1\" content=\"Tiempo de lectura\" \/>\n\t<meta name=\"twitter:data1\" content=\"1 minuto\" \/>\n<script type=\"application\/ld+json\" class=\"yoast-schema-graph\">{\"@context\":\"https:\/\/schema.org\",\"@graph\":[{\"@type\":\"WebPage\",\"@id\":\"https:\/\/optimofuturo.com\/jerez\/mejora-si\/\",\"url\":\"https:\/\/optimofuturo.com\/jerez\/mejora-si\/\",\"name\":\"Mejora SI - Sucursal Jerez\",\"isPartOf\":{\"@id\":\"https:\/\/optimofuturo.com\/jerez\/#website\"},\"primaryImageOfPage\":{\"@id\":\"https:\/\/optimofuturo.com\/jerez\/mejora-si\/#primaryimage\"},\"image\":{\"@id\":\"https:\/\/optimofuturo.com\/jerez\/mejora-si\/#primaryimage\"},\"thumbnailUrl\":\"https:\/\/optimofuturo.com\/jerez\/wp-content\/uploads\/sites\/14\/2023\/04\/mejora-si.jpg\",\"datePublished\":\"2023-04-27T21:34:36+00:00\",\"dateModified\":\"2023-04-27T21:35:27+00:00\",\"breadcrumb\":{\"@id\":\"https:\/\/optimofuturo.com\/jerez\/mejora-si\/#breadcrumb\"},\"inLanguage\":\"es\",\"potentialAction\":[{\"@type\":\"ReadAction\",\"target\":[\"https:\/\/optimofuturo.com\/jerez\/mejora-si\/\"]}]},{\"@type\":\"ImageObject\",\"inLanguage\":\"es\",\"@id\":\"https:\/\/optimofuturo.com\/jerez\/mejora-si\/#primaryimage\",\"url\":\"https:\/\/optimofuturo.com\/jerez\/wp-content\/uploads\/sites\/14\/2023\/04\/mejora-si.jpg\",\"contentUrl\":\"https:\/\/optimofuturo.com\/jerez\/wp-content\/uploads\/sites\/14\/2023\/04\/mejora-si.jpg\",\"width\":960,\"height\":540},{\"@type\":\"BreadcrumbList\",\"@id\":\"https:\/\/optimofuturo.com\/jerez\/mejora-si\/#breadcrumb\",\"itemListElement\":[{\"@type\":\"ListItem\",\"position\":1,\"name\":\"Home\",\"item\":\"https:\/\/optimofuturo.com\/jerez\/\"},{\"@type\":\"ListItem\",\"position\":2,\"name\":\"Mejora SI\"}]},{\"@type\":\"WebSite\",\"@id\":\"https:\/\/optimofuturo.com\/jerez\/#website\",\"url\":\"https:\/\/optimofuturo.com\/jerez\/\",\"name\":\"Sucursal Jerez\",\"description\":\"Optimo Futuro\",\"publisher\":{\"@id\":\"https:\/\/optimofuturo.com\/jerez\/#organization\"},\"potentialAction\":[{\"@type\":\"SearchAction\",\"target\":{\"@type\":\"EntryPoint\",\"urlTemplate\":\"https:\/\/optimofuturo.com\/jerez\/?s={search_term_string}\"},\"query-input\":{\"@type\":\"PropertyValueSpecification\",\"valueRequired\":true,\"valueName\":\"search_term_string\"}}],\"inLanguage\":\"es\"},{\"@type\":\"Organization\",\"@id\":\"https:\/\/optimofuturo.com\/jerez\/#organization\",\"name\":\"Sucursal Jerez\",\"url\":\"https:\/\/optimofuturo.com\/jerez\/\",\"logo\":{\"@type\":\"ImageObject\",\"inLanguage\":\"es\",\"@id\":\"https:\/\/optimofuturo.com\/jerez\/#\/schema\/logo\/image\/\",\"url\":\"https:\/\/optimofuturo.com\/jerez\/wp-content\/uploads\/sites\/14\/2022\/09\/cropped-logo-1.png\",\"contentUrl\":\"https:\/\/optimofuturo.com\/jerez\/wp-content\/uploads\/sites\/14\/2022\/09\/cropped-logo-1.png\",\"width\":1000,\"height\":764,\"caption\":\"Sucursal Jerez\"},\"image\":{\"@id\":\"https:\/\/optimofuturo.com\/jerez\/#\/schema\/logo\/image\/\"}}]}<\/script>\n<!-- \/ Yoast SEO plugin. -->","yoast_head_json":{"title":"Mejora SI - Sucursal Jerez","robots":{"index":"index","follow":"follow","max-snippet":"max-snippet:-1","max-image-preview":"max-image-preview:large","max-video-preview":"max-video-preview:-1"},"canonical":"https:\/\/optimofuturo.com\/jerez\/mejora-si\/","og_locale":"es_MX","og_type":"article","og_title":"Mejora SI - Sucursal Jerez","og_description":"Mejora SI Infonavit le prestar\u00e1 desde $5,500 pesos hasta $139,000 pesos a trabajadores informales para que puedan realizar mejoras en sus viviendas\u200b \u00bfC\u00f3mo funciona? A trav\u00e9s de esta nueva modalidad de financiamiento, los trabajadores informales podr\u00e1n acceder desde $5,500 pesos hasta $139,000 pesos. Existen dos vertientes de este cr\u00e9dito y se diferencian por su tasa [&hellip;]","og_url":"https:\/\/optimofuturo.com\/jerez\/mejora-si\/","og_site_name":"Sucursal Jerez","article_modified_time":"2023-04-27T21:35:27+00:00","og_image":[{"url":"https:\/\/optimofuturo.com\/jerez\/wp-content\/uploads\/sites\/14\/2023\/04\/mejora-si.jpg","type":"","width":"","height":""}],"twitter_card":"summary_large_image","twitter_misc":{"Tiempo de lectura":"1 minuto"},"schema":{"@context":"https:\/\/schema.org","@graph":[{"@type":"WebPage","@id":"https:\/\/optimofuturo.com\/jerez\/mejora-si\/","url":"https:\/\/optimofuturo.com\/jerez\/mejora-si\/","name":"Mejora SI - Sucursal Jerez","isPartOf":{"@id":"https:\/\/optimofuturo.com\/jerez\/#website"},"primaryImageOfPage":{"@id":"https:\/\/optimofuturo.com\/jerez\/mejora-si\/#primaryimage"},"image":{"@id":"https:\/\/optimofuturo.com\/jerez\/mejora-si\/#primaryimage"},"thumbnailUrl":"https:\/\/optimofuturo.com\/jerez\/wp-content\/uploads\/sites\/14\/2023\/04\/mejora-si.jpg","datePublished":"2023-04-27T21:34:36+00:00","dateModified":"2023-04-27T21:35:27+00:00","breadcrumb":{"@id":"https:\/\/optimofuturo.com\/jerez\/mejora-si\/#breadcrumb"},"inLanguage":"es","potentialAction":[{"@type":"ReadAction","target":["https:\/\/optimofuturo.com\/jerez\/mejora-si\/"]}]},{"@type":"ImageObject","inLanguage":"es","@id":"https:\/\/optimofuturo.com\/jerez\/mejora-si\/#primaryimage","url":"https:\/\/optimofuturo.com\/jerez\/wp-content\/uploads\/sites\/14\/2023\/04\/mejora-si.jpg","contentUrl":"https:\/\/optimofuturo.com\/jerez\/wp-content\/uploads\/sites\/14\/2023\/04\/mejora-si.jpg","width":960,"height":540},{"@type":"BreadcrumbList","@id":"https:\/\/optimofuturo.com\/jerez\/mejora-si\/#breadcrumb","itemListElement":[{"@type":"ListItem","position":1,"name":"Home","item":"https:\/\/optimofuturo.com\/jerez\/"},{"@type":"ListItem","position":2,"name":"Mejora SI"}]},{"@type":"WebSite","@id":"https:\/\/optimofuturo.com\/jerez\/#website","url":"https:\/\/optimofuturo.com\/jerez\/","name":"Sucursal Jerez","description":"Optimo Futuro","publisher":{"@id":"https:\/\/optimofuturo.com\/jerez\/#organization"},"potentialAction":[{"@type":"SearchAction","target":{"@type":"EntryPoint","urlTemplate":"https:\/\/optimofuturo.com\/jerez\/?s={search_term_string}"},"query-input":{"@type":"PropertyValueSpecification","valueRequired":true,"valueName":"search_term_string"}}],"inLanguage":"es"},{"@type":"Organization","@id":"https:\/\/optimofuturo.com\/jerez\/#organization","name":"Sucursal Jerez","url":"https:\/\/optimofuturo.com\/jerez\/","logo":{"@type":"ImageObject","inLanguage":"es","@id":"https:\/\/optimofuturo.com\/jerez\/#\/schema\/logo\/image\/","url":"https:\/\/optimofuturo.com\/jerez\/wp-content\/uploads\/sites\/14\/2022\/09\/cropped-logo-1.png","contentUrl":"https:\/\/optimofuturo.com\/jerez\/wp-content\/uploads\/sites\/14\/2022\/09\/cropped-logo-1.png","width":1000,"height":764,"caption":"Sucursal Jerez"},"image":{"@id":"https:\/\/optimofuturo.com\/jerez\/#\/schema\/logo\/image\/"}}]}},"_links":{"self":[{"href":"https:\/\/optimofuturo.com\/jerez\/wp-json\/wp\/v2\/pages\/315"}],"collection":[{"href":"https:\/\/optimofuturo.com\/jerez\/wp-json\/wp\/v2\/pages"}],"about":[{"href":"https:\/\/optimofuturo.com\/jerez\/wp-json\/wp\/v2\/types\/page"}],"author":[{"embeddable":true,"href":"https:\/\/optimofuturo.com\/jerez\/wp-json\/wp\/v2\/users\/1"}],"replies":[{"embeddable":true,"href":"https:\/\/optimofuturo.com\/jerez\/wp-json\/wp\/v2\/comments?post=315"}],"version-history":[{"count":0,"href":"https:\/\/optimofuturo.com\/jerez\/wp-json\/wp\/v2\/pages\/315\/revisions"}],"wp:attachment":[{"href":"https:\/\/optimofuturo.com\/jerez\/wp-json\/wp\/v2\/media?parent=315"}],"curies":[{"name":"wp","href":"https:\/\/api.w.org\/{rel}","templated":true}]}}