{"id":136,"date":"2022-03-25T02:48:51","date_gmt":"2022-03-25T08:48:51","guid":{"rendered":"https:\/\/optimofuturo.com\/?page_id=136"},"modified":"2022-03-25T02:48:51","modified_gmt":"2022-03-25T08:48:51","slug":"linea-2","status":"publish","type":"page","link":"https:\/\/optimofuturo.com\/oblatos\/linea-2\/","title":{"rendered":"Linea 2"},"content":{"rendered":"\t\t<div data-elementor-type=\"wp-page\" data-elementor-id=\"136\" class=\"elementor elementor-136\" data-elementor-post-type=\"page\">\n\t\t\t\t\t\t<section class=\"elementor-section elementor-top-section elementor-element elementor-element-46a7cfd elementor-section-boxed elementor-section-height-default elementor-section-height-default\" data-id=\"46a7cfd\" data-element_type=\"section\" data-e-type=\"section\">\n\t\t\t\t\t\t<div class=\"elementor-container elementor-column-gap-default\">\n\t\t\t\t\t<div class=\"elementor-column elementor-col-50 elementor-top-column elementor-element elementor-element-b6c536b\" data-id=\"b6c536b\" data-element_type=\"column\" data-e-type=\"column\">\n\t\t\t<div class=\"elementor-widget-wrap elementor-element-populated\">\n\t\t\t\t\t\t<div class=\"elementor-element elementor-element-21d4a5a elementor-widget elementor-widget-heading\" data-id=\"21d4a5a\" data-element_type=\"widget\" data-e-type=\"widget\" data-widget_type=\"heading.default\">\n\t\t\t\t<div class=\"elementor-widget-container\">\n\t\t\t\t\t<h2 class=\"elementor-heading-title elementor-size-default\">Compra y Venta de casas de INFONAVIT<\/h2>\t\t\t\t<\/div>\n\t\t\t\t<\/div>\n\t\t\t\t<div class=\"elementor-element elementor-element-bdf2d45 elementor-widget elementor-widget-heading\" data-id=\"bdf2d45\" data-element_type=\"widget\" data-e-type=\"widget\" data-widget_type=\"heading.default\">\n\t\t\t\t<div class=\"elementor-widget-container\">\n\t\t\t\t\t<span class=\"elementor-heading-title elementor-size-medium\">Linea 2 Infonavit<\/span>\t\t\t\t<\/div>\n\t\t\t\t<\/div>\n\t\t\t\t<div class=\"elementor-element elementor-element-68b23fe elementor-widget elementor-widget-text-editor\" data-id=\"68b23fe\" data-element_type=\"widget\" data-e-type=\"widget\" data-widget_type=\"text-editor.default\">\n\t\t\t\t<div class=\"elementor-widget-container\">\n\t\t\t\t\t\t\t\t\t<p>Destinado a la <strong>Adquisici\u00f3n de Vivienda<\/strong> (nueva o de segunda mano). Que ofrezca al trabajador las mejores condiciones de calidad, ubicaci\u00f3n y precio, ajustadas a sus necesidades y posibilidades.<\/p>\t\t\t\t\t\t\t\t<\/div>\n\t\t\t\t<\/div>\n\t\t\t\t<div class=\"elementor-element elementor-element-09604bb elementor-widget elementor-widget-heading\" data-id=\"09604bb\" data-element_type=\"widget\" data-e-type=\"widget\" data-widget_type=\"heading.default\">\n\t\t\t\t<div class=\"elementor-widget-container\">\n\t\t\t\t\t<span class=\"elementor-heading-title elementor-size-default\">Requisitos para optar por un cr\u00e9dito l\u00ednea 2 Infonavit<\/span>\t\t\t\t<\/div>\n\t\t\t\t<\/div>\n\t\t\t\t<div class=\"elementor-element elementor-element-8bb5a9d elementor-widget elementor-widget-text-editor\" data-id=\"8bb5a9d\" data-element_type=\"widget\" data-e-type=\"widget\" data-widget_type=\"text-editor.default\">\n\t\t\t\t<div class=\"elementor-widget-container\">\n\t\t\t\t\t\t\t\t\t<ul><li>Ser un derechohabiente Infonavit con relaci\u00f3n de empleo formal vigente.<\/li><li>Contar con <strong>1080 puntos Infonavit<\/strong>.<\/li><li>Completar el cuestionario API (<strong>Asesor\u00eda personalizada Infonavit<\/strong>).<\/li><li>Aprobar el taller en l\u00ednea \u201c<strong>Saber para decidir<\/strong>\u201d.<\/li><li>Dos referencias personales.<\/li><\/ul>\t\t\t\t\t\t\t\t<\/div>\n\t\t\t\t<\/div>\n\t\t\t\t<div class=\"elementor-element elementor-element-f39938e elementor-align-center elementor-widget elementor-widget-button\" data-id=\"f39938e\" data-element_type=\"widget\" data-e-type=\"widget\" data-widget_type=\"button.default\">\n\t\t\t\t<div class=\"elementor-widget-container\">\n\t\t\t\t\t\t\t\t\t<div class=\"elementor-button-wrapper\">\n\t\t\t\t\t<a class=\"elementor-button elementor-button-link elementor-size-sm\" href=\"https:\/\/optimofuturo.com\/viviendas\/\">\n\t\t\t\t\t\t<span class=\"elementor-button-content-wrapper\">\n\t\t\t\t\t\t<span class=\"elementor-button-icon\">\n\t\t\t\t<i aria-hidden=\"true\" class=\"fas fa-home\"><\/i>\t\t\t<\/span>\n\t\t\t\t\t\t\t\t\t<span class=\"elementor-button-text\">Conoce nuestro Cat\u00e1logo de Viviendas<\/span>\n\t\t\t\t\t<\/span>\n\t\t\t\t\t<\/a>\n\t\t\t\t<\/div>\n\t\t\t\t\t\t\t\t<\/div>\n\t\t\t\t<\/div>\n\t\t\t\t\t<\/div>\n\t\t<\/div>\n\t\t\t\t<div class=\"elementor-column elementor-col-50 elementor-top-column elementor-element elementor-element-b0c87b9\" data-id=\"b0c87b9\" data-element_type=\"column\" data-e-type=\"column\">\n\t\t\t<div class=\"elementor-widget-wrap elementor-element-populated\">\n\t\t\t\t\t\t<div class=\"elementor-element elementor-element-de59dd3 elementor-widget elementor-widget-image\" data-id=\"de59dd3\" data-element_type=\"widget\" data-e-type=\"widget\" data-widget_type=\"image.default\">\n\t\t\t\t<div class=\"elementor-widget-container\">\n\t\t\t\t\t\t\t\t\t\t\t\t\t\t\t<img decoding=\"async\" src=\"https:\/\/optimofuturo.com\/wp-content\/uploads\/2022\/04\/casa-en-venta.jpg\" title=\"\" alt=\"\" loading=\"lazy\" \/>\t\t\t\t\t\t\t\t\t\t\t\t\t\t\t<\/div>\n\t\t\t\t<\/div>\n\t\t\t\t\t<\/div>\n\t\t<\/div>\n\t\t\t\t\t<\/div>\n\t\t<\/section>\n\t\t\t\t<\/div>\n\t\t","protected":false},"excerpt":{"rendered":"<p>Compra y Venta de casas de INFONAVIT Linea 2 Infonavit Destinado a la Adquisici\u00f3n de Vivienda (nueva o de segunda mano). Que ofrezca al trabajador las mejores condiciones de calidad, ubicaci\u00f3n y precio, ajustadas a sus necesidades y posibilidades. Requisitos para optar por un cr\u00e9dito l\u00ednea 2 Infonavit Ser un derechohabiente Infonavit con relaci\u00f3n de [&hellip;]<\/p>\n","protected":false},"author":6,"featured_media":0,"parent":0,"menu_order":0,"comment_status":"closed","ping_status":"closed","template":"","meta":{"site-sidebar-layout":"no-sidebar","site-content-layout":"page-builder","ast-site-content-layout":"default","site-content-style":"default","site-sidebar-style":"default","ast-global-header-display":"","ast-banner-title-visibility":"","ast-main-header-display":"","ast-hfb-above-header-display":"","ast-hfb-below-header-display":"","ast-hfb-mobile-header-display":"","site-post-title":"disabled","ast-breadcrumbs-content":"","ast-featured-img":"disabled","footer-sml-layout":"","ast-disable-related-posts":"","theme-transparent-header-meta":"","adv-header-id-meta":"","stick-header-meta":"","header-above-stick-meta":"","header-main-stick-meta":"","header-below-stick-meta":"","astra-migrate-meta-layouts":"default","ast-page-background-enabled":"default","ast-page-background-meta":{"desktop":{"background-color":"var(--ast-global-color-4)","background-image":"","background-repeat":"repeat","background-position":"center center","background-size":"auto","background-attachment":"scroll","background-type":"","background-media":"","overlay-type":"","overlay-color":"","overlay-opacity":"","overlay-gradient":""},"tablet":{"background-color":"","background-image":"","background-repeat":"repeat","background-position":"center center","background-size":"auto","background-attachment":"scroll","background-type":"","background-media":"","overlay-type":"","overlay-color":"","overlay-opacity":"","overlay-gradient":""},"mobile":{"background-color":"","background-image":"","background-repeat":"repeat","background-position":"center center","background-size":"auto","background-attachment":"scroll","background-type":"","background-media":"","overlay-type":"","overlay-color":"","overlay-opacity":"","overlay-gradient":""}},"ast-content-background-meta":{"desktop":{"background-color":"var(--ast-global-color-5)","background-image":"","background-repeat":"repeat","background-position":"center center","background-size":"auto","background-attachment":"scroll","background-type":"","background-media":"","overlay-type":"","overlay-color":"","overlay-opacity":"","overlay-gradient":""},"tablet":{"background-color":"var(--ast-global-color-5)","background-image":"","background-repeat":"repeat","background-position":"center center","background-size":"auto","background-attachment":"scroll","background-type":"","background-media":"","overlay-type":"","overlay-color":"","overlay-opacity":"","overlay-gradient":""},"mobile":{"background-color":"var(--ast-global-color-5)","background-image":"","background-repeat":"repeat","background-position":"center center","background-size":"auto","background-attachment":"scroll","background-type":"","background-media":"","overlay-type":"","overlay-color":"","overlay-opacity":"","overlay-gradient":""}},"footnotes":""},"class_list":["post-136","page","type-page","status-publish","hentry"],"yoast_head":"<!-- This site is optimized with the Yoast SEO plugin v25.6 - https:\/\/yoast.com\/wordpress\/plugins\/seo\/ -->\n<title>Linea 2 | Oblatos<\/title>\n<meta name=\"robots\" content=\"index, follow, max-snippet:-1, max-image-preview:large, max-video-preview:-1\" \/>\n<link rel=\"canonical\" href=\"https:\/\/optimofuturo.com\/oblatos\/linea-2\/\" \/>\n<meta property=\"og:locale\" content=\"es_MX\" \/>\n<meta property=\"og:type\" content=\"article\" \/>\n<meta property=\"og:title\" content=\"Linea 2 | Oblatos\" \/>\n<meta property=\"og:description\" content=\"Compra y Venta de casas de INFONAVIT Linea 2 Infonavit Destinado a la Adquisici\u00f3n de Vivienda (nueva o de segunda mano). Que ofrezca al trabajador las mejores condiciones de calidad, ubicaci\u00f3n y precio, ajustadas a sus necesidades y posibilidades. Requisitos para optar por un cr\u00e9dito l\u00ednea 2 Infonavit Ser un derechohabiente Infonavit con relaci\u00f3n de [&hellip;]\" \/>\n<meta property=\"og:url\" content=\"https:\/\/optimofuturo.com\/oblatos\/linea-2\/\" \/>\n<meta property=\"og:site_name\" content=\"Oblatos\" \/>\n<meta property=\"og:image\" content=\"https:\/\/optimofuturo.com\/wp-content\/uploads\/2022\/04\/casa-en-venta.jpg\" \/>\n<meta name=\"twitter:card\" content=\"summary_large_image\" \/>\n<meta name=\"twitter:label1\" content=\"Tiempo de lectura\" \/>\n\t<meta name=\"twitter:data1\" content=\"1 minuto\" \/>\n<script type=\"application\/ld+json\" class=\"yoast-schema-graph\">{\"@context\":\"https:\/\/schema.org\",\"@graph\":[{\"@type\":\"WebPage\",\"@id\":\"https:\/\/optimofuturo.com\/oblatos\/linea-2\/\",\"url\":\"https:\/\/optimofuturo.com\/oblatos\/linea-2\/\",\"name\":\"Linea 2 | Oblatos\",\"isPartOf\":{\"@id\":\"https:\/\/optimofuturo.com\/oblatos\/#website\"},\"primaryImageOfPage\":{\"@id\":\"https:\/\/optimofuturo.com\/oblatos\/linea-2\/#primaryimage\"},\"image\":{\"@id\":\"https:\/\/optimofuturo.com\/oblatos\/linea-2\/#primaryimage\"},\"thumbnailUrl\":\"https:\/\/optimofuturo.com\/wp-content\/uploads\/2022\/04\/casa-en-venta.jpg\",\"datePublished\":\"2022-03-25T08:48:51+00:00\",\"breadcrumb\":{\"@id\":\"https:\/\/optimofuturo.com\/oblatos\/linea-2\/#breadcrumb\"},\"inLanguage\":\"es\",\"potentialAction\":[{\"@type\":\"ReadAction\",\"target\":[\"https:\/\/optimofuturo.com\/oblatos\/linea-2\/\"]}]},{\"@type\":\"ImageObject\",\"inLanguage\":\"es\",\"@id\":\"https:\/\/optimofuturo.com\/oblatos\/linea-2\/#primaryimage\",\"url\":\"https:\/\/optimofuturo.com\/wp-content\/uploads\/2022\/04\/casa-en-venta.jpg\",\"contentUrl\":\"https:\/\/optimofuturo.com\/wp-content\/uploads\/2022\/04\/casa-en-venta.jpg\"},{\"@type\":\"BreadcrumbList\",\"@id\":\"https:\/\/optimofuturo.com\/oblatos\/linea-2\/#breadcrumb\",\"itemListElement\":[{\"@type\":\"ListItem\",\"position\":1,\"name\":\"Home\",\"item\":\"https:\/\/optimofuturo.com\/oblatos\/\"},{\"@type\":\"ListItem\",\"position\":2,\"name\":\"Linea 2\"}]},{\"@type\":\"WebSite\",\"@id\":\"https:\/\/optimofuturo.com\/oblatos\/#website\",\"url\":\"https:\/\/optimofuturo.com\/oblatos\/\",\"name\":\"Oblatos\",\"description\":\"Optimo Futuro\",\"publisher\":{\"@id\":\"https:\/\/optimofuturo.com\/oblatos\/#organization\"},\"potentialAction\":[{\"@type\":\"SearchAction\",\"target\":{\"@type\":\"EntryPoint\",\"urlTemplate\":\"https:\/\/optimofuturo.com\/oblatos\/?s={search_term_string}\"},\"query-input\":{\"@type\":\"PropertyValueSpecification\",\"valueRequired\":true,\"valueName\":\"search_term_string\"}}],\"inLanguage\":\"es\"},{\"@type\":\"Organization\",\"@id\":\"https:\/\/optimofuturo.com\/oblatos\/#organization\",\"name\":\"Optimo Futuro - Oblatos\",\"url\":\"https:\/\/optimofuturo.com\/oblatos\/\",\"logo\":{\"@type\":\"ImageObject\",\"inLanguage\":\"es\",\"@id\":\"https:\/\/optimofuturo.com\/oblatos\/#\/schema\/logo\/image\/\",\"url\":\"https:\/\/optimofuturo.com\/oblatos\/wp-content\/uploads\/sites\/6\/2022\/03\/logo.png\",\"contentUrl\":\"https:\/\/optimofuturo.com\/oblatos\/wp-content\/uploads\/sites\/6\/2022\/03\/logo.png\",\"width\":1000,\"height\":1000,\"caption\":\"Optimo Futuro - Oblatos\"},\"image\":{\"@id\":\"https:\/\/optimofuturo.com\/oblatos\/#\/schema\/logo\/image\/\"}}]}<\/script>\n<!-- \/ Yoast SEO plugin. -->","yoast_head_json":{"title":"Linea 2 | Oblatos","robots":{"index":"index","follow":"follow","max-snippet":"max-snippet:-1","max-image-preview":"max-image-preview:large","max-video-preview":"max-video-preview:-1"},"canonical":"https:\/\/optimofuturo.com\/oblatos\/linea-2\/","og_locale":"es_MX","og_type":"article","og_title":"Linea 2 | Oblatos","og_description":"Compra y Venta de casas de INFONAVIT Linea 2 Infonavit Destinado a la Adquisici\u00f3n de Vivienda (nueva o de segunda mano). Que ofrezca al trabajador las mejores condiciones de calidad, ubicaci\u00f3n y precio, ajustadas a sus necesidades y posibilidades. Requisitos para optar por un cr\u00e9dito l\u00ednea 2 Infonavit Ser un derechohabiente Infonavit con relaci\u00f3n de [&hellip;]","og_url":"https:\/\/optimofuturo.com\/oblatos\/linea-2\/","og_site_name":"Oblatos","og_image":[{"url":"https:\/\/optimofuturo.com\/wp-content\/uploads\/2022\/04\/casa-en-venta.jpg","type":"","width":"","height":""}],"twitter_card":"summary_large_image","twitter_misc":{"Tiempo de lectura":"1 minuto"},"schema":{"@context":"https:\/\/schema.org","@graph":[{"@type":"WebPage","@id":"https:\/\/optimofuturo.com\/oblatos\/linea-2\/","url":"https:\/\/optimofuturo.com\/oblatos\/linea-2\/","name":"Linea 2 | Oblatos","isPartOf":{"@id":"https:\/\/optimofuturo.com\/oblatos\/#website"},"primaryImageOfPage":{"@id":"https:\/\/optimofuturo.com\/oblatos\/linea-2\/#primaryimage"},"image":{"@id":"https:\/\/optimofuturo.com\/oblatos\/linea-2\/#primaryimage"},"thumbnailUrl":"https:\/\/optimofuturo.com\/wp-content\/uploads\/2022\/04\/casa-en-venta.jpg","datePublished":"2022-03-25T08:48:51+00:00","breadcrumb":{"@id":"https:\/\/optimofuturo.com\/oblatos\/linea-2\/#breadcrumb"},"inLanguage":"es","potentialAction":[{"@type":"ReadAction","target":["https:\/\/optimofuturo.com\/oblatos\/linea-2\/"]}]},{"@type":"ImageObject","inLanguage":"es","@id":"https:\/\/optimofuturo.com\/oblatos\/linea-2\/#primaryimage","url":"https:\/\/optimofuturo.com\/wp-content\/uploads\/2022\/04\/casa-en-venta.jpg","contentUrl":"https:\/\/optimofuturo.com\/wp-content\/uploads\/2022\/04\/casa-en-venta.jpg"},{"@type":"BreadcrumbList","@id":"https:\/\/optimofuturo.com\/oblatos\/linea-2\/#breadcrumb","itemListElement":[{"@type":"ListItem","position":1,"name":"Home","item":"https:\/\/optimofuturo.com\/oblatos\/"},{"@type":"ListItem","position":2,"name":"Linea 2"}]},{"@type":"WebSite","@id":"https:\/\/optimofuturo.com\/oblatos\/#website","url":"https:\/\/optimofuturo.com\/oblatos\/","name":"Oblatos","description":"Optimo Futuro","publisher":{"@id":"https:\/\/optimofuturo.com\/oblatos\/#organization"},"potentialAction":[{"@type":"SearchAction","target":{"@type":"EntryPoint","urlTemplate":"https:\/\/optimofuturo.com\/oblatos\/?s={search_term_string}"},"query-input":{"@type":"PropertyValueSpecification","valueRequired":true,"valueName":"search_term_string"}}],"inLanguage":"es"},{"@type":"Organization","@id":"https:\/\/optimofuturo.com\/oblatos\/#organization","name":"Optimo Futuro - Oblatos","url":"https:\/\/optimofuturo.com\/oblatos\/","logo":{"@type":"ImageObject","inLanguage":"es","@id":"https:\/\/optimofuturo.com\/oblatos\/#\/schema\/logo\/image\/","url":"https:\/\/optimofuturo.com\/oblatos\/wp-content\/uploads\/sites\/6\/2022\/03\/logo.png","contentUrl":"https:\/\/optimofuturo.com\/oblatos\/wp-content\/uploads\/sites\/6\/2022\/03\/logo.png","width":1000,"height":1000,"caption":"Optimo Futuro - Oblatos"},"image":{"@id":"https:\/\/optimofuturo.com\/oblatos\/#\/schema\/logo\/image\/"}}]}},"_links":{"self":[{"href":"https:\/\/optimofuturo.com\/oblatos\/wp-json\/wp\/v2\/pages\/136"}],"collection":[{"href":"https:\/\/optimofuturo.com\/oblatos\/wp-json\/wp\/v2\/pages"}],"about":[{"href":"https:\/\/optimofuturo.com\/oblatos\/wp-json\/wp\/v2\/types\/page"}],"author":[{"embeddable":true,"href":"https:\/\/optimofuturo.com\/oblatos\/wp-json\/wp\/v2\/users\/6"}],"replies":[{"embeddable":true,"href":"https:\/\/optimofuturo.com\/oblatos\/wp-json\/wp\/v2\/comments?post=136"}],"version-history":[{"count":0,"href":"https:\/\/optimofuturo.com\/oblatos\/wp-json\/wp\/v2\/pages\/136\/revisions"}],"wp:attachment":[{"href":"https:\/\/optimofuturo.com\/oblatos\/wp-json\/wp\/v2\/media?parent=136"}],"curies":[{"name":"wp","href":"https:\/\/api.w.org\/{rel}","templated":true}]}}