{"id":147,"date":"2022-03-25T02:54:41","date_gmt":"2022-03-25T08:54:41","guid":{"rendered":"https:\/\/optimofuturo.com\/?page_id=147"},"modified":"2022-03-25T02:54:41","modified_gmt":"2022-03-25T08:54:41","slug":"cancelacion-de-hipoteca","status":"publish","type":"page","link":"https:\/\/optimofuturo.com\/oblatos\/cancelacion-de-hipoteca\/","title":{"rendered":"Cancelaci\u00f3n de Hipoteca"},"content":{"rendered":"\t\t<div data-elementor-type=\"wp-page\" data-elementor-id=\"147\" class=\"elementor elementor-147\" data-elementor-post-type=\"page\">\n\t\t\t\t\t\t<section class=\"elementor-section elementor-top-section elementor-element elementor-element-65bf6a4e elementor-section-boxed elementor-section-height-default elementor-section-height-default\" data-id=\"65bf6a4e\" data-element_type=\"section\" data-e-type=\"section\">\n\t\t\t\t\t\t<div class=\"elementor-container elementor-column-gap-default\">\n\t\t\t\t\t<div class=\"elementor-column elementor-col-50 elementor-top-column elementor-element elementor-element-41bbb9b8\" data-id=\"41bbb9b8\" data-element_type=\"column\" data-e-type=\"column\">\n\t\t\t<div class=\"elementor-widget-wrap elementor-element-populated\">\n\t\t\t\t\t\t<div class=\"elementor-element elementor-element-7db93a19 elementor-widget elementor-widget-heading\" data-id=\"7db93a19\" data-element_type=\"widget\" data-e-type=\"widget\" data-widget_type=\"heading.default\">\n\t\t\t\t<div class=\"elementor-widget-container\">\n\t\t\t\t\t<h2 class=\"elementor-heading-title elementor-size-default\">Cancelaci\u00f3n de Hipoteca Infonavit\n<\/h2>\t\t\t\t<\/div>\n\t\t\t\t<\/div>\n\t\t\t\t<div class=\"elementor-element elementor-element-f18db39 elementor-widget elementor-widget-heading\" data-id=\"f18db39\" data-element_type=\"widget\" data-e-type=\"widget\" data-widget_type=\"heading.default\">\n\t\t\t\t<div class=\"elementor-widget-container\">\n\t\t\t\t\t<span class=\"elementor-heading-title elementor-size-default\">Cansado de tus descuentos ante infonavit, lib\u00e9rate de tu deuda y recibe tu Sueldo al 100% y Recupera dinero.<\/span>\t\t\t\t<\/div>\n\t\t\t\t<\/div>\n\t\t\t\t<div class=\"elementor-element elementor-element-ef899a1 elementor-widget elementor-widget-text-editor\" data-id=\"ef899a1\" data-element_type=\"widget\" data-e-type=\"widget\" data-widget_type=\"text-editor.default\">\n\t\t\t\t<div class=\"elementor-widget-container\">\n\t\t\t\t\t\t\t\t\t<ul><li>\u00bf Ya no te alcanza?<\/li><li>\u00bfTe est\u00e1n descontando mucho?<\/li><li>\u00bf Ya no quieres tu casa?<\/li><\/ul><p><strong>IMAGINA<\/strong> Todo lo que podr\u00edas hacer con tu salario completo. Vuelve a tener tranquilidad sin preocuparte por deudas.<\/p><p><strong>NOSOTROS TE PODEMOS AYUDAR:<\/strong><\/p><ul><li>Recupera tu dinero<\/li><li>L\u00edbrate de los descuentos<\/li><li>Dile adi\u00f3s a tu deuda<\/li><\/ul>\t\t\t\t\t\t\t\t<\/div>\n\t\t\t\t<\/div>\n\t\t\t\t<div class=\"elementor-element elementor-element-12c12b50 elementor-widget elementor-widget-heading\" data-id=\"12c12b50\" data-element_type=\"widget\" data-e-type=\"widget\" data-widget_type=\"heading.default\">\n\t\t\t\t<div class=\"elementor-widget-container\">\n\t\t\t\t\t<span class=\"elementor-heading-title elementor-size-default\">OBT\u00c9N MEJORES RENDIMIENTOS<\/span>\t\t\t\t<\/div>\n\t\t\t\t<\/div>\n\t\t\t\t\t<\/div>\n\t\t<\/div>\n\t\t\t\t<div class=\"elementor-column elementor-col-50 elementor-top-column elementor-element elementor-element-78dd4f24\" data-id=\"78dd4f24\" data-element_type=\"column\" data-e-type=\"column\">\n\t\t\t<div class=\"elementor-widget-wrap elementor-element-populated\">\n\t\t\t\t\t\t<div class=\"elementor-element elementor-element-46208f72 elementor-align-center elementor-widget elementor-widget-lottie\" data-id=\"46208f72\" data-element_type=\"widget\" data-e-type=\"widget\" data-settings=\"{&quot;source_json&quot;:{&quot;url&quot;:&quot;https:\\\/\\\/optimofuturo.com\\\/wp-content\\\/uploads\\\/2022\\\/03\\\/Cambio-de-Afore.json&quot;,&quot;id&quot;:21,&quot;size&quot;:&quot;&quot;},&quot;loop&quot;:&quot;yes&quot;,&quot;source&quot;:&quot;media_file&quot;,&quot;caption_source&quot;:&quot;none&quot;,&quot;link_to&quot;:&quot;none&quot;,&quot;trigger&quot;:&quot;arriving_to_viewport&quot;,&quot;viewport&quot;:{&quot;unit&quot;:&quot;%&quot;,&quot;size&quot;:&quot;&quot;,&quot;sizes&quot;:{&quot;start&quot;:0,&quot;end&quot;:100}},&quot;play_speed&quot;:{&quot;unit&quot;:&quot;px&quot;,&quot;size&quot;:1,&quot;sizes&quot;:[]},&quot;start_point&quot;:{&quot;unit&quot;:&quot;%&quot;,&quot;size&quot;:0,&quot;sizes&quot;:[]},&quot;end_point&quot;:{&quot;unit&quot;:&quot;%&quot;,&quot;size&quot;:100,&quot;sizes&quot;:[]},&quot;renderer&quot;:&quot;svg&quot;}\" data-widget_type=\"lottie.default\">\n\t\t\t\t<div class=\"elementor-widget-container\">\n\t\t\t\t\t<div class=\"e-lottie__container\"><div class=\"e-lottie__animation\"><\/div><\/div>\t\t\t\t<\/div>\n\t\t\t\t<\/div>\n\t\t\t\t\t<\/div>\n\t\t<\/div>\n\t\t\t\t\t<\/div>\n\t\t<\/section>\n\t\t\t\t<\/div>\n\t\t","protected":false},"excerpt":{"rendered":"<p>Cancelaci\u00f3n de Hipoteca Infonavit Cansado de tus descuentos ante infonavit, lib\u00e9rate de tu deuda y recibe tu Sueldo al 100% y Recupera dinero. \u00bf Ya no te alcanza? \u00bfTe est\u00e1n descontando mucho? \u00bf Ya no quieres tu casa? IMAGINA Todo lo que podr\u00edas hacer con tu salario completo. Vuelve a tener tranquilidad sin preocuparte por [&hellip;]<\/p>\n","protected":false},"author":6,"featured_media":0,"parent":0,"menu_order":0,"comment_status":"closed","ping_status":"closed","template":"","meta":{"site-sidebar-layout":"no-sidebar","site-content-layout":"page-builder","ast-site-content-layout":"default","site-content-style":"default","site-sidebar-style":"default","ast-global-header-display":"","ast-banner-title-visibility":"","ast-main-header-display":"","ast-hfb-above-header-display":"","ast-hfb-below-header-display":"","ast-hfb-mobile-header-display":"","site-post-title":"disabled","ast-breadcrumbs-content":"","ast-featured-img":"disabled","footer-sml-layout":"","ast-disable-related-posts":"","theme-transparent-header-meta":"","adv-header-id-meta":"","stick-header-meta":"","header-above-stick-meta":"","header-main-stick-meta":"","header-below-stick-meta":"","astra-migrate-meta-layouts":"default","ast-page-background-enabled":"default","ast-page-background-meta":{"desktop":{"background-color":"var(--ast-global-color-4)","background-image":"","background-repeat":"repeat","background-position":"center center","background-size":"auto","background-attachment":"scroll","background-type":"","background-media":"","overlay-type":"","overlay-color":"","overlay-opacity":"","overlay-gradient":""},"tablet":{"background-color":"","background-image":"","background-repeat":"repeat","background-position":"center center","background-size":"auto","background-attachment":"scroll","background-type":"","background-media":"","overlay-type":"","overlay-color":"","overlay-opacity":"","overlay-gradient":""},"mobile":{"background-color":"","background-image":"","background-repeat":"repeat","background-position":"center center","background-size":"auto","background-attachment":"scroll","background-type":"","background-media":"","overlay-type":"","overlay-color":"","overlay-opacity":"","overlay-gradient":""}},"ast-content-background-meta":{"desktop":{"background-color":"var(--ast-global-color-5)","background-image":"","background-repeat":"repeat","background-position":"center center","background-size":"auto","background-attachment":"scroll","background-type":"","background-media":"","overlay-type":"","overlay-color":"","overlay-opacity":"","overlay-gradient":""},"tablet":{"background-color":"var(--ast-global-color-5)","background-image":"","background-repeat":"repeat","background-position":"center center","background-size":"auto","background-attachment":"scroll","background-type":"","background-media":"","overlay-type":"","overlay-color":"","overlay-opacity":"","overlay-gradient":""},"mobile":{"background-color":"var(--ast-global-color-5)","background-image":"","background-repeat":"repeat","background-position":"center center","background-size":"auto","background-attachment":"scroll","background-type":"","background-media":"","overlay-type":"","overlay-color":"","overlay-opacity":"","overlay-gradient":""}},"footnotes":""},"class_list":["post-147","page","type-page","status-publish","hentry"],"yoast_head":"<!-- This site is optimized with the Yoast SEO plugin v25.6 - https:\/\/yoast.com\/wordpress\/plugins\/seo\/ -->\n<title>Cancelaci\u00f3n de Hipoteca | Oblatos<\/title>\n<meta name=\"robots\" content=\"index, follow, max-snippet:-1, max-image-preview:large, max-video-preview:-1\" \/>\n<link rel=\"canonical\" href=\"https:\/\/optimofuturo.com\/oblatos\/cancelacion-de-hipoteca\/\" \/>\n<meta property=\"og:locale\" content=\"es_MX\" \/>\n<meta property=\"og:type\" content=\"article\" \/>\n<meta property=\"og:title\" content=\"Cancelaci\u00f3n de Hipoteca | Oblatos\" \/>\n<meta property=\"og:description\" content=\"Cancelaci\u00f3n de Hipoteca Infonavit Cansado de tus descuentos ante infonavit, lib\u00e9rate de tu deuda y recibe tu Sueldo al 100% y Recupera dinero. \u00bf Ya no te alcanza? \u00bfTe est\u00e1n descontando mucho? \u00bf Ya no quieres tu casa? IMAGINA Todo lo que podr\u00edas hacer con tu salario completo. Vuelve a tener tranquilidad sin preocuparte por [&hellip;]\" \/>\n<meta property=\"og:url\" content=\"https:\/\/optimofuturo.com\/oblatos\/cancelacion-de-hipoteca\/\" \/>\n<meta property=\"og:site_name\" content=\"Oblatos\" \/>\n<meta name=\"twitter:card\" content=\"summary_large_image\" \/>\n<meta name=\"twitter:label1\" content=\"Tiempo de lectura\" \/>\n\t<meta name=\"twitter:data1\" content=\"1 minuto\" \/>\n<script type=\"application\/ld+json\" class=\"yoast-schema-graph\">{\"@context\":\"https:\/\/schema.org\",\"@graph\":[{\"@type\":\"WebPage\",\"@id\":\"https:\/\/optimofuturo.com\/oblatos\/cancelacion-de-hipoteca\/\",\"url\":\"https:\/\/optimofuturo.com\/oblatos\/cancelacion-de-hipoteca\/\",\"name\":\"Cancelaci\u00f3n de Hipoteca | Oblatos\",\"isPartOf\":{\"@id\":\"https:\/\/optimofuturo.com\/oblatos\/#website\"},\"datePublished\":\"2022-03-25T08:54:41+00:00\",\"breadcrumb\":{\"@id\":\"https:\/\/optimofuturo.com\/oblatos\/cancelacion-de-hipoteca\/#breadcrumb\"},\"inLanguage\":\"es\",\"potentialAction\":[{\"@type\":\"ReadAction\",\"target\":[\"https:\/\/optimofuturo.com\/oblatos\/cancelacion-de-hipoteca\/\"]}]},{\"@type\":\"BreadcrumbList\",\"@id\":\"https:\/\/optimofuturo.com\/oblatos\/cancelacion-de-hipoteca\/#breadcrumb\",\"itemListElement\":[{\"@type\":\"ListItem\",\"position\":1,\"name\":\"Home\",\"item\":\"https:\/\/optimofuturo.com\/oblatos\/\"},{\"@type\":\"ListItem\",\"position\":2,\"name\":\"Cancelaci\u00f3n de Hipoteca\"}]},{\"@type\":\"WebSite\",\"@id\":\"https:\/\/optimofuturo.com\/oblatos\/#website\",\"url\":\"https:\/\/optimofuturo.com\/oblatos\/\",\"name\":\"Oblatos\",\"description\":\"Optimo Futuro\",\"publisher\":{\"@id\":\"https:\/\/optimofuturo.com\/oblatos\/#organization\"},\"potentialAction\":[{\"@type\":\"SearchAction\",\"target\":{\"@type\":\"EntryPoint\",\"urlTemplate\":\"https:\/\/optimofuturo.com\/oblatos\/?s={search_term_string}\"},\"query-input\":{\"@type\":\"PropertyValueSpecification\",\"valueRequired\":true,\"valueName\":\"search_term_string\"}}],\"inLanguage\":\"es\"},{\"@type\":\"Organization\",\"@id\":\"https:\/\/optimofuturo.com\/oblatos\/#organization\",\"name\":\"Optimo Futuro - Oblatos\",\"url\":\"https:\/\/optimofuturo.com\/oblatos\/\",\"logo\":{\"@type\":\"ImageObject\",\"inLanguage\":\"es\",\"@id\":\"https:\/\/optimofuturo.com\/oblatos\/#\/schema\/logo\/image\/\",\"url\":\"https:\/\/optimofuturo.com\/oblatos\/wp-content\/uploads\/sites\/6\/2022\/03\/logo.png\",\"contentUrl\":\"https:\/\/optimofuturo.com\/oblatos\/wp-content\/uploads\/sites\/6\/2022\/03\/logo.png\",\"width\":1000,\"height\":1000,\"caption\":\"Optimo Futuro - Oblatos\"},\"image\":{\"@id\":\"https:\/\/optimofuturo.com\/oblatos\/#\/schema\/logo\/image\/\"}}]}<\/script>\n<!-- \/ Yoast SEO plugin. -->","yoast_head_json":{"title":"Cancelaci\u00f3n de Hipoteca | Oblatos","robots":{"index":"index","follow":"follow","max-snippet":"max-snippet:-1","max-image-preview":"max-image-preview:large","max-video-preview":"max-video-preview:-1"},"canonical":"https:\/\/optimofuturo.com\/oblatos\/cancelacion-de-hipoteca\/","og_locale":"es_MX","og_type":"article","og_title":"Cancelaci\u00f3n de Hipoteca | Oblatos","og_description":"Cancelaci\u00f3n de Hipoteca Infonavit Cansado de tus descuentos ante infonavit, lib\u00e9rate de tu deuda y recibe tu Sueldo al 100% y Recupera dinero. \u00bf Ya no te alcanza? \u00bfTe est\u00e1n descontando mucho? \u00bf Ya no quieres tu casa? IMAGINA Todo lo que podr\u00edas hacer con tu salario completo. Vuelve a tener tranquilidad sin preocuparte por [&hellip;]","og_url":"https:\/\/optimofuturo.com\/oblatos\/cancelacion-de-hipoteca\/","og_site_name":"Oblatos","twitter_card":"summary_large_image","twitter_misc":{"Tiempo de lectura":"1 minuto"},"schema":{"@context":"https:\/\/schema.org","@graph":[{"@type":"WebPage","@id":"https:\/\/optimofuturo.com\/oblatos\/cancelacion-de-hipoteca\/","url":"https:\/\/optimofuturo.com\/oblatos\/cancelacion-de-hipoteca\/","name":"Cancelaci\u00f3n de Hipoteca | Oblatos","isPartOf":{"@id":"https:\/\/optimofuturo.com\/oblatos\/#website"},"datePublished":"2022-03-25T08:54:41+00:00","breadcrumb":{"@id":"https:\/\/optimofuturo.com\/oblatos\/cancelacion-de-hipoteca\/#breadcrumb"},"inLanguage":"es","potentialAction":[{"@type":"ReadAction","target":["https:\/\/optimofuturo.com\/oblatos\/cancelacion-de-hipoteca\/"]}]},{"@type":"BreadcrumbList","@id":"https:\/\/optimofuturo.com\/oblatos\/cancelacion-de-hipoteca\/#breadcrumb","itemListElement":[{"@type":"ListItem","position":1,"name":"Home","item":"https:\/\/optimofuturo.com\/oblatos\/"},{"@type":"ListItem","position":2,"name":"Cancelaci\u00f3n de Hipoteca"}]},{"@type":"WebSite","@id":"https:\/\/optimofuturo.com\/oblatos\/#website","url":"https:\/\/optimofuturo.com\/oblatos\/","name":"Oblatos","description":"Optimo Futuro","publisher":{"@id":"https:\/\/optimofuturo.com\/oblatos\/#organization"},"potentialAction":[{"@type":"SearchAction","target":{"@type":"EntryPoint","urlTemplate":"https:\/\/optimofuturo.com\/oblatos\/?s={search_term_string}"},"query-input":{"@type":"PropertyValueSpecification","valueRequired":true,"valueName":"search_term_string"}}],"inLanguage":"es"},{"@type":"Organization","@id":"https:\/\/optimofuturo.com\/oblatos\/#organization","name":"Optimo Futuro - Oblatos","url":"https:\/\/optimofuturo.com\/oblatos\/","logo":{"@type":"ImageObject","inLanguage":"es","@id":"https:\/\/optimofuturo.com\/oblatos\/#\/schema\/logo\/image\/","url":"https:\/\/optimofuturo.com\/oblatos\/wp-content\/uploads\/sites\/6\/2022\/03\/logo.png","contentUrl":"https:\/\/optimofuturo.com\/oblatos\/wp-content\/uploads\/sites\/6\/2022\/03\/logo.png","width":1000,"height":1000,"caption":"Optimo Futuro - Oblatos"},"image":{"@id":"https:\/\/optimofuturo.com\/oblatos\/#\/schema\/logo\/image\/"}}]}},"_links":{"self":[{"href":"https:\/\/optimofuturo.com\/oblatos\/wp-json\/wp\/v2\/pages\/147"}],"collection":[{"href":"https:\/\/optimofuturo.com\/oblatos\/wp-json\/wp\/v2\/pages"}],"about":[{"href":"https:\/\/optimofuturo.com\/oblatos\/wp-json\/wp\/v2\/types\/page"}],"author":[{"embeddable":true,"href":"https:\/\/optimofuturo.com\/oblatos\/wp-json\/wp\/v2\/users\/6"}],"replies":[{"embeddable":true,"href":"https:\/\/optimofuturo.com\/oblatos\/wp-json\/wp\/v2\/comments?post=147"}],"version-history":[{"count":0,"href":"https:\/\/optimofuturo.com\/oblatos\/wp-json\/wp\/v2\/pages\/147\/revisions"}],"wp:attachment":[{"href":"https:\/\/optimofuturo.com\/oblatos\/wp-json\/wp\/v2\/media?parent=147"}],"curies":[{"name":"wp","href":"https:\/\/api.w.org\/{rel}","templated":true}]}}