{"id":183,"date":"2022-03-25T03:22:59","date_gmt":"2022-03-25T09:22:59","guid":{"rendered":"https:\/\/optimofuturo.com\/?page_id=183"},"modified":"2022-03-25T03:22:59","modified_gmt":"2022-03-25T09:22:59","slug":"incrementa-tu-pension-al-doble-o","status":"publish","type":"page","link":"https:\/\/optimofuturo.com\/oblatos\/incrementa-tu-pension-al-doble-o\/","title":{"rendered":"Incrementa tu Pensi\u00f3n al Doble o +"},"content":{"rendered":"\t\t<div data-elementor-type=\"wp-page\" data-elementor-id=\"183\" class=\"elementor elementor-183\" data-elementor-post-type=\"page\">\n\t\t\t\t\t\t<section class=\"elementor-section elementor-top-section elementor-element elementor-element-73a14b94 elementor-section-boxed elementor-section-height-default elementor-section-height-default\" data-id=\"73a14b94\" data-element_type=\"section\" data-e-type=\"section\">\n\t\t\t\t\t\t<div class=\"elementor-container elementor-column-gap-default\">\n\t\t\t\t\t<div class=\"elementor-column elementor-col-50 elementor-top-column elementor-element elementor-element-4b2c5949\" data-id=\"4b2c5949\" data-element_type=\"column\" data-e-type=\"column\">\n\t\t\t<div class=\"elementor-widget-wrap elementor-element-populated\">\n\t\t\t\t\t\t<div class=\"elementor-element elementor-element-3b28fcd2 elementor-widget elementor-widget-heading\" data-id=\"3b28fcd2\" data-element_type=\"widget\" data-e-type=\"widget\" data-widget_type=\"heading.default\">\n\t\t\t\t<div class=\"elementor-widget-container\">\n\t\t\t\t\t<h2 class=\"elementor-heading-title elementor-size-default\">Incrementa tu Pensi\u00f3n al Doble o +<\/h2>\t\t\t\t<\/div>\n\t\t\t\t<\/div>\n\t\t\t\t<div class=\"elementor-element elementor-element-68211f09 elementor-widget elementor-widget-heading\" data-id=\"68211f09\" data-element_type=\"widget\" data-e-type=\"widget\" data-widget_type=\"heading.default\">\n\t\t\t\t<div class=\"elementor-widget-container\">\n\t\t\t\t\t<span class=\"elementor-heading-title elementor-size-medium\">Te ayudamos a lograrlo<\/span>\t\t\t\t<\/div>\n\t\t\t\t<\/div>\n\t\t\t\t<div class=\"elementor-element elementor-element-0c3f513 elementor-widget elementor-widget-text-editor\" data-id=\"0c3f513\" data-element_type=\"widget\" data-e-type=\"widget\" data-widget_type=\"text-editor.default\">\n\t\t\t\t<div class=\"elementor-widget-container\">\n\t\t\t\t\t\t\t\t\t<p><strong>Aumenta tu Pensi\u00f3n del IMSS<\/strong><\/p><ul><li><strong>No importa cuanto tiempo tengas pensionado<\/strong><\/li><li><strong>Ni cuanto sea tu Ingreso<\/strong><\/li><li><strong>\u00a1Nosotros podemos Ayudarte!<\/strong><\/li><\/ul><p>Este tramite no genera ning\u00fan problema con la pensi\u00f3n que ya cuentas. <em>Nosotros Podemos Incrementarla<\/em><\/p><ul><li><strong>Cesant\u00eda<\/strong><\/li><li><strong>Vejez<\/strong><\/li><li><strong>Viudez<\/strong><\/li><\/ul>\t\t\t\t\t\t\t\t<\/div>\n\t\t\t\t<\/div>\n\t\t\t\t\t<\/div>\n\t\t<\/div>\n\t\t\t\t<div class=\"elementor-column elementor-col-50 elementor-top-column elementor-element elementor-element-41dcd743\" data-id=\"41dcd743\" data-element_type=\"column\" data-e-type=\"column\">\n\t\t\t<div class=\"elementor-widget-wrap elementor-element-populated\">\n\t\t\t\t\t\t<div class=\"elementor-element elementor-element-3750d915 elementor-align-center elementor-widget elementor-widget-lottie\" data-id=\"3750d915\" data-element_type=\"widget\" data-e-type=\"widget\" data-settings=\"{&quot;source_json&quot;:{&quot;url&quot;:&quot;https:\\\/\\\/optimofuturo.com\\\/wp-content\\\/uploads\\\/2022\\\/03\\\/modalidad-40.json&quot;,&quot;id&quot;:44,&quot;size&quot;:&quot;&quot;},&quot;source&quot;:&quot;media_file&quot;,&quot;caption_source&quot;:&quot;none&quot;,&quot;link_to&quot;:&quot;none&quot;,&quot;trigger&quot;:&quot;arriving_to_viewport&quot;,&quot;viewport&quot;:{&quot;unit&quot;:&quot;%&quot;,&quot;size&quot;:&quot;&quot;,&quot;sizes&quot;:{&quot;start&quot;:0,&quot;end&quot;:100}},&quot;play_speed&quot;:{&quot;unit&quot;:&quot;px&quot;,&quot;size&quot;:1,&quot;sizes&quot;:[]},&quot;start_point&quot;:{&quot;unit&quot;:&quot;%&quot;,&quot;size&quot;:0,&quot;sizes&quot;:[]},&quot;end_point&quot;:{&quot;unit&quot;:&quot;%&quot;,&quot;size&quot;:100,&quot;sizes&quot;:[]},&quot;renderer&quot;:&quot;svg&quot;}\" data-widget_type=\"lottie.default\">\n\t\t\t\t<div class=\"elementor-widget-container\">\n\t\t\t\t\t<div class=\"e-lottie__container\"><div class=\"e-lottie__animation\"><\/div><\/div>\t\t\t\t<\/div>\n\t\t\t\t<\/div>\n\t\t\t\t\t<\/div>\n\t\t<\/div>\n\t\t\t\t\t<\/div>\n\t\t<\/section>\n\t\t\t\t<\/div>\n\t\t","protected":false},"excerpt":{"rendered":"<p>Incrementa tu Pensi\u00f3n al Doble o + Te ayudamos a lograrlo Aumenta tu Pensi\u00f3n del IMSS No importa cuanto tiempo tengas pensionado Ni cuanto sea tu Ingreso \u00a1Nosotros podemos Ayudarte! Este tramite no genera ning\u00fan problema con la pensi\u00f3n que ya cuentas. Nosotros Podemos Incrementarla Cesant\u00eda Vejez Viudez<\/p>\n","protected":false},"author":6,"featured_media":457,"parent":0,"menu_order":0,"comment_status":"closed","ping_status":"closed","template":"","meta":{"site-sidebar-layout":"no-sidebar","site-content-layout":"page-builder","ast-site-content-layout":"default","site-content-style":"default","site-sidebar-style":"default","ast-global-header-display":"","ast-banner-title-visibility":"","ast-main-header-display":"","ast-hfb-above-header-display":"","ast-hfb-below-header-display":"","ast-hfb-mobile-header-display":"","site-post-title":"disabled","ast-breadcrumbs-content":"","ast-featured-img":"disabled","footer-sml-layout":"","ast-disable-related-posts":"","theme-transparent-header-meta":"","adv-header-id-meta":"","stick-header-meta":"","header-above-stick-meta":"","header-main-stick-meta":"","header-below-stick-meta":"","astra-migrate-meta-layouts":"default","ast-page-background-enabled":"default","ast-page-background-meta":{"desktop":{"background-color":"var(--ast-global-color-4)","background-image":"","background-repeat":"repeat","background-position":"center center","background-size":"auto","background-attachment":"scroll","background-type":"","background-media":"","overlay-type":"","overlay-color":"","overlay-opacity":"","overlay-gradient":""},"tablet":{"background-color":"","background-image":"","background-repeat":"repeat","background-position":"center center","background-size":"auto","background-attachment":"scroll","background-type":"","background-media":"","overlay-type":"","overlay-color":"","overlay-opacity":"","overlay-gradient":""},"mobile":{"background-color":"","background-image":"","background-repeat":"repeat","background-position":"center center","background-size":"auto","background-attachment":"scroll","background-type":"","background-media":"","overlay-type":"","overlay-color":"","overlay-opacity":"","overlay-gradient":""}},"ast-content-background-meta":{"desktop":{"background-color":"var(--ast-global-color-5)","background-image":"","background-repeat":"repeat","background-position":"center center","background-size":"auto","background-attachment":"scroll","background-type":"","background-media":"","overlay-type":"","overlay-color":"","overlay-opacity":"","overlay-gradient":""},"tablet":{"background-color":"var(--ast-global-color-5)","background-image":"","background-repeat":"repeat","background-position":"center center","background-size":"auto","background-attachment":"scroll","background-type":"","background-media":"","overlay-type":"","overlay-color":"","overlay-opacity":"","overlay-gradient":""},"mobile":{"background-color":"var(--ast-global-color-5)","background-image":"","background-repeat":"repeat","background-position":"center center","background-size":"auto","background-attachment":"scroll","background-type":"","background-media":"","overlay-type":"","overlay-color":"","overlay-opacity":"","overlay-gradient":""}},"footnotes":""},"class_list":["post-183","page","type-page","status-publish","has-post-thumbnail","hentry"],"yoast_head":"<!-- This site is optimized with the Yoast SEO plugin v25.6 - https:\/\/yoast.com\/wordpress\/plugins\/seo\/ -->\n<title>Incrementa tu Pensi\u00f3n al Doble o + | Oblatos<\/title>\n<meta name=\"description\" content=\"Este tramite no genera ning\u00fan problema con la pensi\u00f3n que ya cuentas. Nosotros Podemos Incrementarla Cesant\u00eda, Vejez, Viudez\" \/>\n<meta name=\"robots\" content=\"index, follow, max-snippet:-1, max-image-preview:large, max-video-preview:-1\" \/>\n<link rel=\"canonical\" href=\"https:\/\/optimofuturo.com\/oblatos\/incrementa-tu-pension-al-doble-o\/\" \/>\n<meta property=\"og:locale\" content=\"es_MX\" \/>\n<meta property=\"og:type\" content=\"article\" \/>\n<meta property=\"og:title\" content=\"Incrementa tu Pensi\u00f3n al Doble o + | Oblatos\" \/>\n<meta property=\"og:description\" content=\"Este tramite no genera ning\u00fan problema con la pensi\u00f3n que ya cuentas. Nosotros Podemos Incrementarla Cesant\u00eda, Vejez, Viudez\" \/>\n<meta property=\"og:url\" content=\"https:\/\/optimofuturo.com\/oblatos\/incrementa-tu-pension-al-doble-o\/\" \/>\n<meta property=\"og:site_name\" content=\"Oblatos\" \/>\n<meta name=\"twitter:card\" content=\"summary_large_image\" \/>\n<meta name=\"twitter:title\" content=\"Incrementa tu Pensi\u00f3n al Doble o + | Oblatos\" \/>\n<meta name=\"twitter:description\" content=\"Este tramite no genera ning\u00fan problema con la pensi\u00f3n que ya cuentas. Nosotros Podemos Incrementarla Cesant\u00eda, Vejez, Viudez\" \/>\n<meta name=\"twitter:label1\" content=\"Tiempo de lectura\" \/>\n\t<meta name=\"twitter:data1\" content=\"1 minuto\" \/>\n<script type=\"application\/ld+json\" class=\"yoast-schema-graph\">{\"@context\":\"https:\/\/schema.org\",\"@graph\":[{\"@type\":\"WebPage\",\"@id\":\"https:\/\/optimofuturo.com\/oblatos\/incrementa-tu-pension-al-doble-o\/\",\"url\":\"https:\/\/optimofuturo.com\/oblatos\/incrementa-tu-pension-al-doble-o\/\",\"name\":\"Incrementa tu Pensi\u00f3n al Doble o + | Oblatos\",\"isPartOf\":{\"@id\":\"https:\/\/optimofuturo.com\/oblatos\/#website\"},\"primaryImageOfPage\":{\"@id\":\"https:\/\/optimofuturo.com\/oblatos\/incrementa-tu-pension-al-doble-o\/#primaryimage\"},\"image\":{\"@id\":\"https:\/\/optimofuturo.com\/oblatos\/incrementa-tu-pension-al-doble-o\/#primaryimage\"},\"thumbnailUrl\":\"\",\"datePublished\":\"2022-03-25T09:22:59+00:00\",\"description\":\"Este tramite no genera ning\u00fan problema con la pensi\u00f3n que ya cuentas. Nosotros Podemos Incrementarla Cesant\u00eda, Vejez, Viudez\",\"breadcrumb\":{\"@id\":\"https:\/\/optimofuturo.com\/oblatos\/incrementa-tu-pension-al-doble-o\/#breadcrumb\"},\"inLanguage\":\"es\",\"potentialAction\":[{\"@type\":\"ReadAction\",\"target\":[\"https:\/\/optimofuturo.com\/oblatos\/incrementa-tu-pension-al-doble-o\/\"]}]},{\"@type\":\"ImageObject\",\"inLanguage\":\"es\",\"@id\":\"https:\/\/optimofuturo.com\/oblatos\/incrementa-tu-pension-al-doble-o\/#primaryimage\",\"url\":\"\",\"contentUrl\":\"\"},{\"@type\":\"BreadcrumbList\",\"@id\":\"https:\/\/optimofuturo.com\/oblatos\/incrementa-tu-pension-al-doble-o\/#breadcrumb\",\"itemListElement\":[{\"@type\":\"ListItem\",\"position\":1,\"name\":\"Home\",\"item\":\"https:\/\/optimofuturo.com\/oblatos\/\"},{\"@type\":\"ListItem\",\"position\":2,\"name\":\"Incrementa tu Pensi\u00f3n al Doble o +\"}]},{\"@type\":\"WebSite\",\"@id\":\"https:\/\/optimofuturo.com\/oblatos\/#website\",\"url\":\"https:\/\/optimofuturo.com\/oblatos\/\",\"name\":\"Oblatos\",\"description\":\"Optimo Futuro\",\"publisher\":{\"@id\":\"https:\/\/optimofuturo.com\/oblatos\/#organization\"},\"potentialAction\":[{\"@type\":\"SearchAction\",\"target\":{\"@type\":\"EntryPoint\",\"urlTemplate\":\"https:\/\/optimofuturo.com\/oblatos\/?s={search_term_string}\"},\"query-input\":{\"@type\":\"PropertyValueSpecification\",\"valueRequired\":true,\"valueName\":\"search_term_string\"}}],\"inLanguage\":\"es\"},{\"@type\":\"Organization\",\"@id\":\"https:\/\/optimofuturo.com\/oblatos\/#organization\",\"name\":\"Optimo Futuro - Oblatos\",\"url\":\"https:\/\/optimofuturo.com\/oblatos\/\",\"logo\":{\"@type\":\"ImageObject\",\"inLanguage\":\"es\",\"@id\":\"https:\/\/optimofuturo.com\/oblatos\/#\/schema\/logo\/image\/\",\"url\":\"https:\/\/optimofuturo.com\/oblatos\/wp-content\/uploads\/sites\/6\/2022\/03\/logo.png\",\"contentUrl\":\"https:\/\/optimofuturo.com\/oblatos\/wp-content\/uploads\/sites\/6\/2022\/03\/logo.png\",\"width\":1000,\"height\":1000,\"caption\":\"Optimo Futuro - Oblatos\"},\"image\":{\"@id\":\"https:\/\/optimofuturo.com\/oblatos\/#\/schema\/logo\/image\/\"}}]}<\/script>\n<!-- \/ Yoast SEO plugin. -->","yoast_head_json":{"title":"Incrementa tu Pensi\u00f3n al Doble o + | Oblatos","description":"Este tramite no genera ning\u00fan problema con la pensi\u00f3n que ya cuentas. Nosotros Podemos Incrementarla Cesant\u00eda, Vejez, Viudez","robots":{"index":"index","follow":"follow","max-snippet":"max-snippet:-1","max-image-preview":"max-image-preview:large","max-video-preview":"max-video-preview:-1"},"canonical":"https:\/\/optimofuturo.com\/oblatos\/incrementa-tu-pension-al-doble-o\/","og_locale":"es_MX","og_type":"article","og_title":"Incrementa tu Pensi\u00f3n al Doble o + | Oblatos","og_description":"Este tramite no genera ning\u00fan problema con la pensi\u00f3n que ya cuentas. Nosotros Podemos Incrementarla Cesant\u00eda, Vejez, Viudez","og_url":"https:\/\/optimofuturo.com\/oblatos\/incrementa-tu-pension-al-doble-o\/","og_site_name":"Oblatos","twitter_card":"summary_large_image","twitter_title":"Incrementa tu Pensi\u00f3n al Doble o + | Oblatos","twitter_description":"Este tramite no genera ning\u00fan problema con la pensi\u00f3n que ya cuentas. Nosotros Podemos Incrementarla Cesant\u00eda, Vejez, Viudez","twitter_misc":{"Tiempo de lectura":"1 minuto"},"schema":{"@context":"https:\/\/schema.org","@graph":[{"@type":"WebPage","@id":"https:\/\/optimofuturo.com\/oblatos\/incrementa-tu-pension-al-doble-o\/","url":"https:\/\/optimofuturo.com\/oblatos\/incrementa-tu-pension-al-doble-o\/","name":"Incrementa tu Pensi\u00f3n al Doble o + | Oblatos","isPartOf":{"@id":"https:\/\/optimofuturo.com\/oblatos\/#website"},"primaryImageOfPage":{"@id":"https:\/\/optimofuturo.com\/oblatos\/incrementa-tu-pension-al-doble-o\/#primaryimage"},"image":{"@id":"https:\/\/optimofuturo.com\/oblatos\/incrementa-tu-pension-al-doble-o\/#primaryimage"},"thumbnailUrl":"","datePublished":"2022-03-25T09:22:59+00:00","description":"Este tramite no genera ning\u00fan problema con la pensi\u00f3n que ya cuentas. Nosotros Podemos Incrementarla Cesant\u00eda, Vejez, Viudez","breadcrumb":{"@id":"https:\/\/optimofuturo.com\/oblatos\/incrementa-tu-pension-al-doble-o\/#breadcrumb"},"inLanguage":"es","potentialAction":[{"@type":"ReadAction","target":["https:\/\/optimofuturo.com\/oblatos\/incrementa-tu-pension-al-doble-o\/"]}]},{"@type":"ImageObject","inLanguage":"es","@id":"https:\/\/optimofuturo.com\/oblatos\/incrementa-tu-pension-al-doble-o\/#primaryimage","url":"","contentUrl":""},{"@type":"BreadcrumbList","@id":"https:\/\/optimofuturo.com\/oblatos\/incrementa-tu-pension-al-doble-o\/#breadcrumb","itemListElement":[{"@type":"ListItem","position":1,"name":"Home","item":"https:\/\/optimofuturo.com\/oblatos\/"},{"@type":"ListItem","position":2,"name":"Incrementa tu Pensi\u00f3n al Doble o +"}]},{"@type":"WebSite","@id":"https:\/\/optimofuturo.com\/oblatos\/#website","url":"https:\/\/optimofuturo.com\/oblatos\/","name":"Oblatos","description":"Optimo Futuro","publisher":{"@id":"https:\/\/optimofuturo.com\/oblatos\/#organization"},"potentialAction":[{"@type":"SearchAction","target":{"@type":"EntryPoint","urlTemplate":"https:\/\/optimofuturo.com\/oblatos\/?s={search_term_string}"},"query-input":{"@type":"PropertyValueSpecification","valueRequired":true,"valueName":"search_term_string"}}],"inLanguage":"es"},{"@type":"Organization","@id":"https:\/\/optimofuturo.com\/oblatos\/#organization","name":"Optimo Futuro - Oblatos","url":"https:\/\/optimofuturo.com\/oblatos\/","logo":{"@type":"ImageObject","inLanguage":"es","@id":"https:\/\/optimofuturo.com\/oblatos\/#\/schema\/logo\/image\/","url":"https:\/\/optimofuturo.com\/oblatos\/wp-content\/uploads\/sites\/6\/2022\/03\/logo.png","contentUrl":"https:\/\/optimofuturo.com\/oblatos\/wp-content\/uploads\/sites\/6\/2022\/03\/logo.png","width":1000,"height":1000,"caption":"Optimo Futuro - Oblatos"},"image":{"@id":"https:\/\/optimofuturo.com\/oblatos\/#\/schema\/logo\/image\/"}}]}},"_links":{"self":[{"href":"https:\/\/optimofuturo.com\/oblatos\/wp-json\/wp\/v2\/pages\/183"}],"collection":[{"href":"https:\/\/optimofuturo.com\/oblatos\/wp-json\/wp\/v2\/pages"}],"about":[{"href":"https:\/\/optimofuturo.com\/oblatos\/wp-json\/wp\/v2\/types\/page"}],"author":[{"embeddable":true,"href":"https:\/\/optimofuturo.com\/oblatos\/wp-json\/wp\/v2\/users\/6"}],"replies":[{"embeddable":true,"href":"https:\/\/optimofuturo.com\/oblatos\/wp-json\/wp\/v2\/comments?post=183"}],"version-history":[{"count":0,"href":"https:\/\/optimofuturo.com\/oblatos\/wp-json\/wp\/v2\/pages\/183\/revisions"}],"wp:featuredmedia":[{"embeddable":true,"href":"https:\/\/optimofuturo.com\/oblatos\/wp-json\/"}],"wp:attachment":[{"href":"https:\/\/optimofuturo.com\/oblatos\/wp-json\/wp\/v2\/media?parent=183"}],"curies":[{"name":"wp","href":"https:\/\/api.w.org\/{rel}","templated":true}]}}