{"id":120,"date":"2022-03-25T02:42:41","date_gmt":"2022-03-25T08:42:41","guid":{"rendered":"https:\/\/optimofuturo.com\/?page_id=120"},"modified":"2022-03-25T02:42:41","modified_gmt":"2022-03-25T08:42:41","slug":"vale-ecotecnologia","status":"publish","type":"page","link":"https:\/\/optimofuturo.com\/real-del-valle\/vale-ecotecnologia\/","title":{"rendered":"Vale Ecotecnolog\u00eda"},"content":{"rendered":"\t\t<div data-elementor-type=\"wp-page\" data-elementor-id=\"120\" class=\"elementor elementor-120\" data-elementor-post-type=\"page\">\n\t\t\t\t\t\t<section class=\"elementor-section elementor-top-section elementor-element elementor-element-5a3e889a elementor-section-boxed elementor-section-height-default elementor-section-height-default\" data-id=\"5a3e889a\" data-element_type=\"section\" data-e-type=\"section\">\n\t\t\t\t\t\t<div class=\"elementor-container elementor-column-gap-default\">\n\t\t\t\t\t<div class=\"elementor-column elementor-col-50 elementor-top-column elementor-element elementor-element-1d086ad3\" data-id=\"1d086ad3\" data-element_type=\"column\" data-e-type=\"column\">\n\t\t\t<div class=\"elementor-widget-wrap elementor-element-populated\">\n\t\t\t\t\t\t<div class=\"elementor-element elementor-element-46a1bb14 elementor-widget elementor-widget-heading\" data-id=\"46a1bb14\" data-element_type=\"widget\" data-e-type=\"widget\" data-widget_type=\"heading.default\">\n\t\t\t\t<div class=\"elementor-widget-container\">\n\t\t\t\t\t<h2 class=\"elementor-heading-title elementor-size-default\">VALE DE ECOTECNOLOG\u00cdA  INFONAVIT<\/h2>\t\t\t\t<\/div>\n\t\t\t\t<\/div>\n\t\t\t\t<div class=\"elementor-element elementor-element-3629fcd3 elementor-widget elementor-widget-heading\" data-id=\"3629fcd3\" data-element_type=\"widget\" data-e-type=\"widget\" data-widget_type=\"heading.default\">\n\t\t\t\t<div class=\"elementor-widget-container\">\n\t\t\t\t\t<span class=\"elementor-heading-title elementor-size-medium\">Compraste tu casa con Infonavit, ya con vale<\/span>\t\t\t\t<\/div>\n\t\t\t\t<\/div>\n\t\t\t\t<div class=\"elementor-element elementor-element-1bb54d66 elementor-widget elementor-widget-text-editor\" data-id=\"1bb54d66\" data-element_type=\"widget\" data-e-type=\"widget\" data-widget_type=\"text-editor.default\">\n\t\t\t\t<div class=\"elementor-widget-container\">\n\t\t\t\t\t\t\t\t\t<p>Si compraste tu casa con un <strong>cr\u00e9dito Infonavit<\/strong>, ya cuentas con <strong><span style=\"color: #003300;\">Hipoteca Verde<\/span><\/strong> para adquirir equipo ecol\u00f3gico que ahorra energ\u00eda y dinero. Para convertir tu hogar en una casa ecol\u00f3gica, necesitas tu vale de ecotecnolog\u00edas. Aqu\u00ed te decimos c\u00f3mo conseguirlo.<\/p><p>El <strong>Vale<\/strong> \u00f3 <strong>Constancia<\/strong> de <strong><span style=\"color: #003300;\">Ecotecnolog\u00edas<\/span><\/strong> Infonavit es el documento que necesitas para adquirir las ecotecnolog\u00edas que te permiten ahorrar dinero en el consumo de agua, electricidad y gas.<\/p>\t\t\t\t\t\t\t\t<\/div>\n\t\t\t\t<\/div>\n\t\t\t\t\t<\/div>\n\t\t<\/div>\n\t\t\t\t<div class=\"elementor-column elementor-col-50 elementor-top-column elementor-element elementor-element-61d99eea\" data-id=\"61d99eea\" data-element_type=\"column\" data-e-type=\"column\">\n\t\t\t<div class=\"elementor-widget-wrap elementor-element-populated\">\n\t\t\t\t\t\t<div class=\"elementor-element elementor-element-758029f5 elementor-widget elementor-widget-image\" data-id=\"758029f5\" data-element_type=\"widget\" data-e-type=\"widget\" data-widget_type=\"image.default\">\n\t\t\t\t<div class=\"elementor-widget-container\">\n\t\t\t\t\t\t\t\t\t\t\t\t\t\t\t<img decoding=\"async\" src=\"https:\/\/optimofuturo.com\/wp-content\/uploads\/2022\/03\/infonavit-color.png\" title=\"\" alt=\"\" loading=\"lazy\" \/>\t\t\t\t\t\t\t\t\t\t\t\t\t\t\t<\/div>\n\t\t\t\t<\/div>\n\t\t\t\t<div class=\"elementor-element elementor-element-7eca8ba3 elementor-align-center elementor-widget elementor-widget-lottie\" data-id=\"7eca8ba3\" data-element_type=\"widget\" data-e-type=\"widget\" data-settings=\"{&quot;source_json&quot;:{&quot;url&quot;:&quot;https:\\\/\\\/optimofuturo.com\\\/wp-content\\\/uploads\\\/2022\\\/03\\\/vale-ecotecnologia.json&quot;,&quot;id&quot;:52,&quot;size&quot;:&quot;&quot;},&quot;loop&quot;:&quot;yes&quot;,&quot;source&quot;:&quot;media_file&quot;,&quot;caption_source&quot;:&quot;none&quot;,&quot;link_to&quot;:&quot;none&quot;,&quot;trigger&quot;:&quot;arriving_to_viewport&quot;,&quot;viewport&quot;:{&quot;unit&quot;:&quot;%&quot;,&quot;size&quot;:&quot;&quot;,&quot;sizes&quot;:{&quot;start&quot;:0,&quot;end&quot;:100}},&quot;play_speed&quot;:{&quot;unit&quot;:&quot;px&quot;,&quot;size&quot;:1,&quot;sizes&quot;:[]},&quot;start_point&quot;:{&quot;unit&quot;:&quot;%&quot;,&quot;size&quot;:0,&quot;sizes&quot;:[]},&quot;end_point&quot;:{&quot;unit&quot;:&quot;%&quot;,&quot;size&quot;:100,&quot;sizes&quot;:[]},&quot;renderer&quot;:&quot;svg&quot;}\" data-widget_type=\"lottie.default\">\n\t\t\t\t<div class=\"elementor-widget-container\">\n\t\t\t\t\t<div class=\"e-lottie__container\"><div class=\"e-lottie__animation\"><\/div><\/div>\t\t\t\t<\/div>\n\t\t\t\t<\/div>\n\t\t\t\t\t<\/div>\n\t\t<\/div>\n\t\t\t\t\t<\/div>\n\t\t<\/section>\n\t\t\t\t<\/div>\n\t\t","protected":false},"excerpt":{"rendered":"<p>VALE DE ECOTECNOLOG\u00cdA INFONAVIT Compraste tu casa con Infonavit, ya con vale Si compraste tu casa con un cr\u00e9dito Infonavit, ya cuentas con Hipoteca Verde para adquirir equipo ecol\u00f3gico que ahorra energ\u00eda y dinero. Para convertir tu hogar en una casa ecol\u00f3gica, necesitas tu vale de ecotecnolog\u00edas. Aqu\u00ed te decimos c\u00f3mo conseguirlo. El Vale \u00f3 [&hellip;]<\/p>\n","protected":false},"author":13,"featured_media":0,"parent":0,"menu_order":0,"comment_status":"closed","ping_status":"closed","template":"","meta":{"site-sidebar-layout":"no-sidebar","site-content-layout":"page-builder","ast-site-content-layout":"default","site-content-style":"default","site-sidebar-style":"default","ast-global-header-display":"","ast-banner-title-visibility":"","ast-main-header-display":"","ast-hfb-above-header-display":"","ast-hfb-below-header-display":"","ast-hfb-mobile-header-display":"","site-post-title":"disabled","ast-breadcrumbs-content":"","ast-featured-img":"disabled","footer-sml-layout":"","ast-disable-related-posts":"","theme-transparent-header-meta":"","adv-header-id-meta":"","stick-header-meta":"","header-above-stick-meta":"","header-main-stick-meta":"","header-below-stick-meta":"","astra-migrate-meta-layouts":"default","ast-page-background-enabled":"default","ast-page-background-meta":{"desktop":{"background-color":"var(--ast-global-color-4)","background-image":"","background-repeat":"repeat","background-position":"center center","background-size":"auto","background-attachment":"scroll","background-type":"","background-media":"","overlay-type":"","overlay-color":"","overlay-opacity":"","overlay-gradient":""},"tablet":{"background-color":"","background-image":"","background-repeat":"repeat","background-position":"center center","background-size":"auto","background-attachment":"scroll","background-type":"","background-media":"","overlay-type":"","overlay-color":"","overlay-opacity":"","overlay-gradient":""},"mobile":{"background-color":"","background-image":"","background-repeat":"repeat","background-position":"center center","background-size":"auto","background-attachment":"scroll","background-type":"","background-media":"","overlay-type":"","overlay-color":"","overlay-opacity":"","overlay-gradient":""}},"ast-content-background-meta":{"desktop":{"background-color":"var(--ast-global-color-5)","background-image":"","background-repeat":"repeat","background-position":"center center","background-size":"auto","background-attachment":"scroll","background-type":"","background-media":"","overlay-type":"","overlay-color":"","overlay-opacity":"","overlay-gradient":""},"tablet":{"background-color":"var(--ast-global-color-5)","background-image":"","background-repeat":"repeat","background-position":"center center","background-size":"auto","background-attachment":"scroll","background-type":"","background-media":"","overlay-type":"","overlay-color":"","overlay-opacity":"","overlay-gradient":""},"mobile":{"background-color":"var(--ast-global-color-5)","background-image":"","background-repeat":"repeat","background-position":"center center","background-size":"auto","background-attachment":"scroll","background-type":"","background-media":"","overlay-type":"","overlay-color":"","overlay-opacity":"","overlay-gradient":""}},"footnotes":""},"class_list":["post-120","page","type-page","status-publish","hentry"],"yoast_head":"<!-- This site is optimized with the Yoast SEO plugin v25.6 - https:\/\/yoast.com\/wordpress\/plugins\/seo\/ -->\n<title>Vale Ecotecnolog\u00eda - Sucursal Tlajomulco<\/title>\n<meta name=\"robots\" content=\"index, follow, max-snippet:-1, max-image-preview:large, max-video-preview:-1\" \/>\n<link rel=\"canonical\" href=\"https:\/\/optimofuturo.com\/real-del-valle\/vale-ecotecnologia\/\" \/>\n<meta property=\"og:locale\" content=\"es_MX\" \/>\n<meta property=\"og:type\" content=\"article\" \/>\n<meta property=\"og:title\" content=\"Vale Ecotecnolog\u00eda - Sucursal Tlajomulco\" \/>\n<meta property=\"og:description\" content=\"VALE DE ECOTECNOLOG\u00cdA INFONAVIT Compraste tu casa con Infonavit, ya con vale Si compraste tu casa con un cr\u00e9dito Infonavit, ya cuentas con Hipoteca Verde para adquirir equipo ecol\u00f3gico que ahorra energ\u00eda y dinero. Para convertir tu hogar en una casa ecol\u00f3gica, necesitas tu vale de ecotecnolog\u00edas. Aqu\u00ed te decimos c\u00f3mo conseguirlo. El Vale \u00f3 [&hellip;]\" \/>\n<meta property=\"og:url\" content=\"https:\/\/optimofuturo.com\/real-del-valle\/vale-ecotecnologia\/\" \/>\n<meta property=\"og:site_name\" content=\"Sucursal Tlajomulco\" \/>\n<meta property=\"og:image\" content=\"https:\/\/optimofuturo.com\/centromedico\/wp-content\/uploads\/sites\/5\/2022\/03\/infonavit-color.png\" \/>\n<meta name=\"twitter:card\" content=\"summary_large_image\" \/>\n<meta name=\"twitter:label1\" content=\"Tiempo de lectura\" \/>\n\t<meta name=\"twitter:data1\" content=\"1 minuto\" \/>\n<script type=\"application\/ld+json\" class=\"yoast-schema-graph\">{\"@context\":\"https:\/\/schema.org\",\"@graph\":[{\"@type\":\"WebPage\",\"@id\":\"https:\/\/optimofuturo.com\/real-del-valle\/vale-ecotecnologia\/\",\"url\":\"https:\/\/optimofuturo.com\/real-del-valle\/vale-ecotecnologia\/\",\"name\":\"Vale Ecotecnolog\u00eda - Sucursal Tlajomulco\",\"isPartOf\":{\"@id\":\"https:\/\/optimofuturo.com\/real-del-valle\/#website\"},\"primaryImageOfPage\":{\"@id\":\"https:\/\/optimofuturo.com\/real-del-valle\/vale-ecotecnologia\/#primaryimage\"},\"image\":{\"@id\":\"https:\/\/optimofuturo.com\/real-del-valle\/vale-ecotecnologia\/#primaryimage\"},\"thumbnailUrl\":\"https:\/\/optimofuturo.com\/centromedico\/wp-content\/uploads\/sites\/5\/2022\/03\/infonavit-color.png\",\"datePublished\":\"2022-03-25T08:42:41+00:00\",\"breadcrumb\":{\"@id\":\"https:\/\/optimofuturo.com\/real-del-valle\/vale-ecotecnologia\/#breadcrumb\"},\"inLanguage\":\"es\",\"potentialAction\":[{\"@type\":\"ReadAction\",\"target\":[\"https:\/\/optimofuturo.com\/real-del-valle\/vale-ecotecnologia\/\"]}]},{\"@type\":\"ImageObject\",\"inLanguage\":\"es\",\"@id\":\"https:\/\/optimofuturo.com\/real-del-valle\/vale-ecotecnologia\/#primaryimage\",\"url\":\"https:\/\/optimofuturo.com\/centromedico\/wp-content\/uploads\/sites\/5\/2022\/03\/infonavit-color.png\",\"contentUrl\":\"https:\/\/optimofuturo.com\/centromedico\/wp-content\/uploads\/sites\/5\/2022\/03\/infonavit-color.png\"},{\"@type\":\"BreadcrumbList\",\"@id\":\"https:\/\/optimofuturo.com\/real-del-valle\/vale-ecotecnologia\/#breadcrumb\",\"itemListElement\":[{\"@type\":\"ListItem\",\"position\":1,\"name\":\"Home\",\"item\":\"https:\/\/optimofuturo.com\/real-del-valle\/\"},{\"@type\":\"ListItem\",\"position\":2,\"name\":\"Vale Ecotecnolog\u00eda\"}]},{\"@type\":\"WebSite\",\"@id\":\"https:\/\/optimofuturo.com\/real-del-valle\/#website\",\"url\":\"https:\/\/optimofuturo.com\/real-del-valle\/\",\"name\":\"Sucursal Tlajomulco\",\"description\":\"Optimo Futuro\",\"publisher\":{\"@id\":\"https:\/\/optimofuturo.com\/real-del-valle\/#organization\"},\"potentialAction\":[{\"@type\":\"SearchAction\",\"target\":{\"@type\":\"EntryPoint\",\"urlTemplate\":\"https:\/\/optimofuturo.com\/real-del-valle\/?s={search_term_string}\"},\"query-input\":{\"@type\":\"PropertyValueSpecification\",\"valueRequired\":true,\"valueName\":\"search_term_string\"}}],\"inLanguage\":\"es\"},{\"@type\":\"Organization\",\"@id\":\"https:\/\/optimofuturo.com\/real-del-valle\/#organization\",\"name\":\"Sucursal Tlajomulco\",\"url\":\"https:\/\/optimofuturo.com\/real-del-valle\/\",\"logo\":{\"@type\":\"ImageObject\",\"inLanguage\":\"es\",\"@id\":\"https:\/\/optimofuturo.com\/real-del-valle\/#\/schema\/logo\/image\/\",\"url\":\"https:\/\/optimofuturo.com\/real-del-valle\/wp-content\/uploads\/sites\/13\/2022\/09\/cropped-logo-1.png\",\"contentUrl\":\"https:\/\/optimofuturo.com\/real-del-valle\/wp-content\/uploads\/sites\/13\/2022\/09\/cropped-logo-1.png\",\"width\":1000,\"height\":755,\"caption\":\"Sucursal Tlajomulco\"},\"image\":{\"@id\":\"https:\/\/optimofuturo.com\/real-del-valle\/#\/schema\/logo\/image\/\"}}]}<\/script>\n<!-- \/ Yoast SEO plugin. -->","yoast_head_json":{"title":"Vale Ecotecnolog\u00eda - Sucursal Tlajomulco","robots":{"index":"index","follow":"follow","max-snippet":"max-snippet:-1","max-image-preview":"max-image-preview:large","max-video-preview":"max-video-preview:-1"},"canonical":"https:\/\/optimofuturo.com\/real-del-valle\/vale-ecotecnologia\/","og_locale":"es_MX","og_type":"article","og_title":"Vale Ecotecnolog\u00eda - Sucursal Tlajomulco","og_description":"VALE DE ECOTECNOLOG\u00cdA INFONAVIT Compraste tu casa con Infonavit, ya con vale Si compraste tu casa con un cr\u00e9dito Infonavit, ya cuentas con Hipoteca Verde para adquirir equipo ecol\u00f3gico que ahorra energ\u00eda y dinero. Para convertir tu hogar en una casa ecol\u00f3gica, necesitas tu vale de ecotecnolog\u00edas. Aqu\u00ed te decimos c\u00f3mo conseguirlo. El Vale \u00f3 [&hellip;]","og_url":"https:\/\/optimofuturo.com\/real-del-valle\/vale-ecotecnologia\/","og_site_name":"Sucursal Tlajomulco","og_image":[{"url":"https:\/\/optimofuturo.com\/centromedico\/wp-content\/uploads\/sites\/5\/2022\/03\/infonavit-color.png","type":"","width":"","height":""}],"twitter_card":"summary_large_image","twitter_misc":{"Tiempo de lectura":"1 minuto"},"schema":{"@context":"https:\/\/schema.org","@graph":[{"@type":"WebPage","@id":"https:\/\/optimofuturo.com\/real-del-valle\/vale-ecotecnologia\/","url":"https:\/\/optimofuturo.com\/real-del-valle\/vale-ecotecnologia\/","name":"Vale Ecotecnolog\u00eda - Sucursal Tlajomulco","isPartOf":{"@id":"https:\/\/optimofuturo.com\/real-del-valle\/#website"},"primaryImageOfPage":{"@id":"https:\/\/optimofuturo.com\/real-del-valle\/vale-ecotecnologia\/#primaryimage"},"image":{"@id":"https:\/\/optimofuturo.com\/real-del-valle\/vale-ecotecnologia\/#primaryimage"},"thumbnailUrl":"https:\/\/optimofuturo.com\/centromedico\/wp-content\/uploads\/sites\/5\/2022\/03\/infonavit-color.png","datePublished":"2022-03-25T08:42:41+00:00","breadcrumb":{"@id":"https:\/\/optimofuturo.com\/real-del-valle\/vale-ecotecnologia\/#breadcrumb"},"inLanguage":"es","potentialAction":[{"@type":"ReadAction","target":["https:\/\/optimofuturo.com\/real-del-valle\/vale-ecotecnologia\/"]}]},{"@type":"ImageObject","inLanguage":"es","@id":"https:\/\/optimofuturo.com\/real-del-valle\/vale-ecotecnologia\/#primaryimage","url":"https:\/\/optimofuturo.com\/centromedico\/wp-content\/uploads\/sites\/5\/2022\/03\/infonavit-color.png","contentUrl":"https:\/\/optimofuturo.com\/centromedico\/wp-content\/uploads\/sites\/5\/2022\/03\/infonavit-color.png"},{"@type":"BreadcrumbList","@id":"https:\/\/optimofuturo.com\/real-del-valle\/vale-ecotecnologia\/#breadcrumb","itemListElement":[{"@type":"ListItem","position":1,"name":"Home","item":"https:\/\/optimofuturo.com\/real-del-valle\/"},{"@type":"ListItem","position":2,"name":"Vale Ecotecnolog\u00eda"}]},{"@type":"WebSite","@id":"https:\/\/optimofuturo.com\/real-del-valle\/#website","url":"https:\/\/optimofuturo.com\/real-del-valle\/","name":"Sucursal Tlajomulco","description":"Optimo Futuro","publisher":{"@id":"https:\/\/optimofuturo.com\/real-del-valle\/#organization"},"potentialAction":[{"@type":"SearchAction","target":{"@type":"EntryPoint","urlTemplate":"https:\/\/optimofuturo.com\/real-del-valle\/?s={search_term_string}"},"query-input":{"@type":"PropertyValueSpecification","valueRequired":true,"valueName":"search_term_string"}}],"inLanguage":"es"},{"@type":"Organization","@id":"https:\/\/optimofuturo.com\/real-del-valle\/#organization","name":"Sucursal Tlajomulco","url":"https:\/\/optimofuturo.com\/real-del-valle\/","logo":{"@type":"ImageObject","inLanguage":"es","@id":"https:\/\/optimofuturo.com\/real-del-valle\/#\/schema\/logo\/image\/","url":"https:\/\/optimofuturo.com\/real-del-valle\/wp-content\/uploads\/sites\/13\/2022\/09\/cropped-logo-1.png","contentUrl":"https:\/\/optimofuturo.com\/real-del-valle\/wp-content\/uploads\/sites\/13\/2022\/09\/cropped-logo-1.png","width":1000,"height":755,"caption":"Sucursal Tlajomulco"},"image":{"@id":"https:\/\/optimofuturo.com\/real-del-valle\/#\/schema\/logo\/image\/"}}]}},"_links":{"self":[{"href":"https:\/\/optimofuturo.com\/real-del-valle\/wp-json\/wp\/v2\/pages\/120"}],"collection":[{"href":"https:\/\/optimofuturo.com\/real-del-valle\/wp-json\/wp\/v2\/pages"}],"about":[{"href":"https:\/\/optimofuturo.com\/real-del-valle\/wp-json\/wp\/v2\/types\/page"}],"author":[{"embeddable":true,"href":"https:\/\/optimofuturo.com\/real-del-valle\/wp-json\/wp\/v2\/users\/13"}],"replies":[{"embeddable":true,"href":"https:\/\/optimofuturo.com\/real-del-valle\/wp-json\/wp\/v2\/comments?post=120"}],"version-history":[{"count":0,"href":"https:\/\/optimofuturo.com\/real-del-valle\/wp-json\/wp\/v2\/pages\/120\/revisions"}],"wp:attachment":[{"href":"https:\/\/optimofuturo.com\/real-del-valle\/wp-json\/wp\/v2\/media?parent=120"}],"curies":[{"name":"wp","href":"https:\/\/api.w.org\/{rel}","templated":true}]}}