{"id":136,"date":"2022-03-25T02:48:51","date_gmt":"2022-03-25T08:48:51","guid":{"rendered":"https:\/\/optimofuturo.com\/?page_id=136"},"modified":"2022-03-25T02:48:51","modified_gmt":"2022-03-25T08:48:51","slug":"linea-2","status":"publish","type":"page","link":"https:\/\/optimofuturo.com\/real-del-valle\/linea-2\/","title":{"rendered":"Linea 2"},"content":{"rendered":"\t\t<div data-elementor-type=\"wp-page\" data-elementor-id=\"136\" class=\"elementor elementor-136\" data-elementor-post-type=\"page\">\n\t\t\t\t\t\t<section class=\"elementor-section elementor-top-section elementor-element elementor-element-1a33984b elementor-section-boxed elementor-section-height-default elementor-section-height-default\" data-id=\"1a33984b\" data-element_type=\"section\" data-e-type=\"section\">\n\t\t\t\t\t\t<div class=\"elementor-container elementor-column-gap-default\">\n\t\t\t\t\t<div class=\"elementor-column elementor-col-50 elementor-top-column elementor-element elementor-element-5c91ac96\" data-id=\"5c91ac96\" data-element_type=\"column\" data-e-type=\"column\">\n\t\t\t<div class=\"elementor-widget-wrap elementor-element-populated\">\n\t\t\t\t\t\t<div class=\"elementor-element elementor-element-a8d6118 elementor-widget elementor-widget-heading\" data-id=\"a8d6118\" data-element_type=\"widget\" data-e-type=\"widget\" data-widget_type=\"heading.default\">\n\t\t\t\t<div class=\"elementor-widget-container\">\n\t\t\t\t\t<h2 class=\"elementor-heading-title elementor-size-default\">Que es L\u00ednea2<\/h2>\t\t\t\t<\/div>\n\t\t\t\t<\/div>\n\t\t\t\t<div class=\"elementor-element elementor-element-ec2072d elementor-widget elementor-widget-heading\" data-id=\"ec2072d\" data-element_type=\"widget\" data-e-type=\"widget\" data-widget_type=\"heading.default\">\n\t\t\t\t<div class=\"elementor-widget-container\">\n\t\t\t\t\t<span class=\"elementor-heading-title elementor-size-medium\">La l\u00ednea 2 corresponde a un cr\u00e9dito hipotecario<\/span>\t\t\t\t<\/div>\n\t\t\t\t<\/div>\n\t\t\t\t<div class=\"elementor-element elementor-element-78001c87 elementor-widget elementor-widget-text-editor\" data-id=\"78001c87\" data-element_type=\"widget\" data-e-type=\"widget\" data-widget_type=\"text-editor.default\">\n\t\t\t\t<div class=\"elementor-widget-container\">\n\t\t\t\t\t\t\t\t\tDestinado a la <strong>Adquisici\u00f3n de Vivienda<\/strong> (nueva o de segunda mano). Pero, que ofrezca al trabajador las mejores condiciones de calidad, ubicaci\u00f3n y precio, ajustadas a sus necesidades y posibilidades.\n\t\t\t\t\t\t\t\t<\/div>\n\t\t\t\t<\/div>\n\t\t\t\t<div class=\"elementor-element elementor-element-db674cf elementor-widget elementor-widget-heading\" data-id=\"db674cf\" data-element_type=\"widget\" data-e-type=\"widget\" data-widget_type=\"heading.default\">\n\t\t\t\t<div class=\"elementor-widget-container\">\n\t\t\t\t\t<span class=\"elementor-heading-title elementor-size-default\">Requisitos para optar por un cr\u00e9dito l\u00ednea 2 Infonavit<\/span>\t\t\t\t<\/div>\n\t\t\t\t<\/div>\n\t\t\t\t<div class=\"elementor-element elementor-element-4bfef0b elementor-widget elementor-widget-text-editor\" data-id=\"4bfef0b\" data-element_type=\"widget\" data-e-type=\"widget\" data-widget_type=\"text-editor.default\">\n\t\t\t\t<div class=\"elementor-widget-container\">\n\t\t\t\t\t\t\t\t\t<ul><li>Ser un derechohabiente Infonavit con relaci\u00f3n de empleo formal vigente.<\/li><li>Contar al menos con <strong>1080 puntos Infonavit<\/strong>.<\/li><li>Completar el cuestionario API (<strong>Asesor\u00eda personalizada Infonavit<\/strong>).<\/li><li>Aprobar el taller en l\u00ednea \u201c<strong>Saber para decidir<\/strong>\u201d.<\/li><li>Dos referencias personales.<\/li><\/ul>\t\t\t\t\t\t\t\t<\/div>\n\t\t\t\t<\/div>\n\t\t\t\t\t<\/div>\n\t\t<\/div>\n\t\t\t\t<div class=\"elementor-column elementor-col-50 elementor-top-column elementor-element elementor-element-64f24c09\" data-id=\"64f24c09\" data-element_type=\"column\" data-e-type=\"column\">\n\t\t\t<div class=\"elementor-widget-wrap elementor-element-populated\">\n\t\t\t\t\t\t<div class=\"elementor-element elementor-element-76b3bc25 elementor-align-center elementor-widget elementor-widget-lottie\" data-id=\"76b3bc25\" data-element_type=\"widget\" data-e-type=\"widget\" data-settings=\"{&quot;source_json&quot;:{&quot;url&quot;:&quot;https:\\\/\\\/optimofuturo.com\\\/wp-content\\\/uploads\\\/2022\\\/03\\\/remodelavit.json&quot;,&quot;id&quot;:48,&quot;size&quot;:&quot;&quot;},&quot;loop&quot;:&quot;yes&quot;,&quot;source&quot;:&quot;media_file&quot;,&quot;caption_source&quot;:&quot;none&quot;,&quot;link_to&quot;:&quot;none&quot;,&quot;trigger&quot;:&quot;arriving_to_viewport&quot;,&quot;viewport&quot;:{&quot;unit&quot;:&quot;%&quot;,&quot;size&quot;:&quot;&quot;,&quot;sizes&quot;:{&quot;start&quot;:0,&quot;end&quot;:100}},&quot;play_speed&quot;:{&quot;unit&quot;:&quot;px&quot;,&quot;size&quot;:1,&quot;sizes&quot;:[]},&quot;start_point&quot;:{&quot;unit&quot;:&quot;%&quot;,&quot;size&quot;:0,&quot;sizes&quot;:[]},&quot;end_point&quot;:{&quot;unit&quot;:&quot;%&quot;,&quot;size&quot;:100,&quot;sizes&quot;:[]},&quot;renderer&quot;:&quot;svg&quot;}\" data-widget_type=\"lottie.default\">\n\t\t\t\t<div class=\"elementor-widget-container\">\n\t\t\t\t\t<div class=\"e-lottie__container\"><div class=\"e-lottie__animation\"><\/div><\/div>\t\t\t\t<\/div>\n\t\t\t\t<\/div>\n\t\t\t\t\t<\/div>\n\t\t<\/div>\n\t\t\t\t\t<\/div>\n\t\t<\/section>\n\t\t\t\t<\/div>\n\t\t","protected":false},"excerpt":{"rendered":"<p>Que es L\u00ednea2 La l\u00ednea 2 corresponde a un cr\u00e9dito hipotecario Destinado a la Adquisici\u00f3n de Vivienda (nueva o de segunda mano). Pero, que ofrezca al trabajador las mejores condiciones de calidad, ubicaci\u00f3n y precio, ajustadas a sus necesidades y posibilidades. Requisitos para optar por un cr\u00e9dito l\u00ednea 2 Infonavit Ser un derechohabiente Infonavit con [&hellip;]<\/p>\n","protected":false},"author":13,"featured_media":0,"parent":0,"menu_order":0,"comment_status":"closed","ping_status":"closed","template":"","meta":{"site-sidebar-layout":"no-sidebar","site-content-layout":"page-builder","ast-site-content-layout":"default","site-content-style":"default","site-sidebar-style":"default","ast-global-header-display":"","ast-banner-title-visibility":"","ast-main-header-display":"","ast-hfb-above-header-display":"","ast-hfb-below-header-display":"","ast-hfb-mobile-header-display":"","site-post-title":"disabled","ast-breadcrumbs-content":"","ast-featured-img":"disabled","footer-sml-layout":"","ast-disable-related-posts":"","theme-transparent-header-meta":"","adv-header-id-meta":"","stick-header-meta":"","header-above-stick-meta":"","header-main-stick-meta":"","header-below-stick-meta":"","astra-migrate-meta-layouts":"default","ast-page-background-enabled":"default","ast-page-background-meta":{"desktop":{"background-color":"var(--ast-global-color-4)","background-image":"","background-repeat":"repeat","background-position":"center center","background-size":"auto","background-attachment":"scroll","background-type":"","background-media":"","overlay-type":"","overlay-color":"","overlay-opacity":"","overlay-gradient":""},"tablet":{"background-color":"","background-image":"","background-repeat":"repeat","background-position":"center center","background-size":"auto","background-attachment":"scroll","background-type":"","background-media":"","overlay-type":"","overlay-color":"","overlay-opacity":"","overlay-gradient":""},"mobile":{"background-color":"","background-image":"","background-repeat":"repeat","background-position":"center center","background-size":"auto","background-attachment":"scroll","background-type":"","background-media":"","overlay-type":"","overlay-color":"","overlay-opacity":"","overlay-gradient":""}},"ast-content-background-meta":{"desktop":{"background-color":"var(--ast-global-color-5)","background-image":"","background-repeat":"repeat","background-position":"center center","background-size":"auto","background-attachment":"scroll","background-type":"","background-media":"","overlay-type":"","overlay-color":"","overlay-opacity":"","overlay-gradient":""},"tablet":{"background-color":"var(--ast-global-color-5)","background-image":"","background-repeat":"repeat","background-position":"center center","background-size":"auto","background-attachment":"scroll","background-type":"","background-media":"","overlay-type":"","overlay-color":"","overlay-opacity":"","overlay-gradient":""},"mobile":{"background-color":"var(--ast-global-color-5)","background-image":"","background-repeat":"repeat","background-position":"center center","background-size":"auto","background-attachment":"scroll","background-type":"","background-media":"","overlay-type":"","overlay-color":"","overlay-opacity":"","overlay-gradient":""}},"footnotes":""},"class_list":["post-136","page","type-page","status-publish","hentry"],"yoast_head":"<!-- This site is optimized with the Yoast SEO plugin v25.6 - https:\/\/yoast.com\/wordpress\/plugins\/seo\/ -->\n<title>Linea 2 - Sucursal Tlajomulco<\/title>\n<meta name=\"robots\" content=\"index, follow, max-snippet:-1, max-image-preview:large, max-video-preview:-1\" \/>\n<link rel=\"canonical\" href=\"https:\/\/optimofuturo.com\/real-del-valle\/linea-2\/\" \/>\n<meta property=\"og:locale\" content=\"es_MX\" \/>\n<meta property=\"og:type\" content=\"article\" \/>\n<meta property=\"og:title\" content=\"Linea 2 - Sucursal Tlajomulco\" \/>\n<meta property=\"og:description\" content=\"Que es L\u00ednea2 La l\u00ednea 2 corresponde a un cr\u00e9dito hipotecario Destinado a la Adquisici\u00f3n de Vivienda (nueva o de segunda mano). Pero, que ofrezca al trabajador las mejores condiciones de calidad, ubicaci\u00f3n y precio, ajustadas a sus necesidades y posibilidades. Requisitos para optar por un cr\u00e9dito l\u00ednea 2 Infonavit Ser un derechohabiente Infonavit con [&hellip;]\" \/>\n<meta property=\"og:url\" content=\"https:\/\/optimofuturo.com\/real-del-valle\/linea-2\/\" \/>\n<meta property=\"og:site_name\" content=\"Sucursal Tlajomulco\" \/>\n<meta name=\"twitter:card\" content=\"summary_large_image\" \/>\n<meta name=\"twitter:label1\" content=\"Tiempo de lectura\" \/>\n\t<meta name=\"twitter:data1\" content=\"1 minuto\" \/>\n<script type=\"application\/ld+json\" class=\"yoast-schema-graph\">{\"@context\":\"https:\/\/schema.org\",\"@graph\":[{\"@type\":\"WebPage\",\"@id\":\"https:\/\/optimofuturo.com\/real-del-valle\/linea-2\/\",\"url\":\"https:\/\/optimofuturo.com\/real-del-valle\/linea-2\/\",\"name\":\"Linea 2 - Sucursal Tlajomulco\",\"isPartOf\":{\"@id\":\"https:\/\/optimofuturo.com\/real-del-valle\/#website\"},\"datePublished\":\"2022-03-25T08:48:51+00:00\",\"breadcrumb\":{\"@id\":\"https:\/\/optimofuturo.com\/real-del-valle\/linea-2\/#breadcrumb\"},\"inLanguage\":\"es\",\"potentialAction\":[{\"@type\":\"ReadAction\",\"target\":[\"https:\/\/optimofuturo.com\/real-del-valle\/linea-2\/\"]}]},{\"@type\":\"BreadcrumbList\",\"@id\":\"https:\/\/optimofuturo.com\/real-del-valle\/linea-2\/#breadcrumb\",\"itemListElement\":[{\"@type\":\"ListItem\",\"position\":1,\"name\":\"Home\",\"item\":\"https:\/\/optimofuturo.com\/real-del-valle\/\"},{\"@type\":\"ListItem\",\"position\":2,\"name\":\"Linea 2\"}]},{\"@type\":\"WebSite\",\"@id\":\"https:\/\/optimofuturo.com\/real-del-valle\/#website\",\"url\":\"https:\/\/optimofuturo.com\/real-del-valle\/\",\"name\":\"Sucursal Tlajomulco\",\"description\":\"Optimo Futuro\",\"publisher\":{\"@id\":\"https:\/\/optimofuturo.com\/real-del-valle\/#organization\"},\"potentialAction\":[{\"@type\":\"SearchAction\",\"target\":{\"@type\":\"EntryPoint\",\"urlTemplate\":\"https:\/\/optimofuturo.com\/real-del-valle\/?s={search_term_string}\"},\"query-input\":{\"@type\":\"PropertyValueSpecification\",\"valueRequired\":true,\"valueName\":\"search_term_string\"}}],\"inLanguage\":\"es\"},{\"@type\":\"Organization\",\"@id\":\"https:\/\/optimofuturo.com\/real-del-valle\/#organization\",\"name\":\"Sucursal Tlajomulco\",\"url\":\"https:\/\/optimofuturo.com\/real-del-valle\/\",\"logo\":{\"@type\":\"ImageObject\",\"inLanguage\":\"es\",\"@id\":\"https:\/\/optimofuturo.com\/real-del-valle\/#\/schema\/logo\/image\/\",\"url\":\"https:\/\/optimofuturo.com\/real-del-valle\/wp-content\/uploads\/sites\/13\/2022\/09\/cropped-logo-1.png\",\"contentUrl\":\"https:\/\/optimofuturo.com\/real-del-valle\/wp-content\/uploads\/sites\/13\/2022\/09\/cropped-logo-1.png\",\"width\":1000,\"height\":755,\"caption\":\"Sucursal Tlajomulco\"},\"image\":{\"@id\":\"https:\/\/optimofuturo.com\/real-del-valle\/#\/schema\/logo\/image\/\"}}]}<\/script>\n<!-- \/ Yoast SEO plugin. -->","yoast_head_json":{"title":"Linea 2 - Sucursal Tlajomulco","robots":{"index":"index","follow":"follow","max-snippet":"max-snippet:-1","max-image-preview":"max-image-preview:large","max-video-preview":"max-video-preview:-1"},"canonical":"https:\/\/optimofuturo.com\/real-del-valle\/linea-2\/","og_locale":"es_MX","og_type":"article","og_title":"Linea 2 - Sucursal Tlajomulco","og_description":"Que es L\u00ednea2 La l\u00ednea 2 corresponde a un cr\u00e9dito hipotecario Destinado a la Adquisici\u00f3n de Vivienda (nueva o de segunda mano). Pero, que ofrezca al trabajador las mejores condiciones de calidad, ubicaci\u00f3n y precio, ajustadas a sus necesidades y posibilidades. Requisitos para optar por un cr\u00e9dito l\u00ednea 2 Infonavit Ser un derechohabiente Infonavit con [&hellip;]","og_url":"https:\/\/optimofuturo.com\/real-del-valle\/linea-2\/","og_site_name":"Sucursal Tlajomulco","twitter_card":"summary_large_image","twitter_misc":{"Tiempo de lectura":"1 minuto"},"schema":{"@context":"https:\/\/schema.org","@graph":[{"@type":"WebPage","@id":"https:\/\/optimofuturo.com\/real-del-valle\/linea-2\/","url":"https:\/\/optimofuturo.com\/real-del-valle\/linea-2\/","name":"Linea 2 - Sucursal Tlajomulco","isPartOf":{"@id":"https:\/\/optimofuturo.com\/real-del-valle\/#website"},"datePublished":"2022-03-25T08:48:51+00:00","breadcrumb":{"@id":"https:\/\/optimofuturo.com\/real-del-valle\/linea-2\/#breadcrumb"},"inLanguage":"es","potentialAction":[{"@type":"ReadAction","target":["https:\/\/optimofuturo.com\/real-del-valle\/linea-2\/"]}]},{"@type":"BreadcrumbList","@id":"https:\/\/optimofuturo.com\/real-del-valle\/linea-2\/#breadcrumb","itemListElement":[{"@type":"ListItem","position":1,"name":"Home","item":"https:\/\/optimofuturo.com\/real-del-valle\/"},{"@type":"ListItem","position":2,"name":"Linea 2"}]},{"@type":"WebSite","@id":"https:\/\/optimofuturo.com\/real-del-valle\/#website","url":"https:\/\/optimofuturo.com\/real-del-valle\/","name":"Sucursal Tlajomulco","description":"Optimo Futuro","publisher":{"@id":"https:\/\/optimofuturo.com\/real-del-valle\/#organization"},"potentialAction":[{"@type":"SearchAction","target":{"@type":"EntryPoint","urlTemplate":"https:\/\/optimofuturo.com\/real-del-valle\/?s={search_term_string}"},"query-input":{"@type":"PropertyValueSpecification","valueRequired":true,"valueName":"search_term_string"}}],"inLanguage":"es"},{"@type":"Organization","@id":"https:\/\/optimofuturo.com\/real-del-valle\/#organization","name":"Sucursal Tlajomulco","url":"https:\/\/optimofuturo.com\/real-del-valle\/","logo":{"@type":"ImageObject","inLanguage":"es","@id":"https:\/\/optimofuturo.com\/real-del-valle\/#\/schema\/logo\/image\/","url":"https:\/\/optimofuturo.com\/real-del-valle\/wp-content\/uploads\/sites\/13\/2022\/09\/cropped-logo-1.png","contentUrl":"https:\/\/optimofuturo.com\/real-del-valle\/wp-content\/uploads\/sites\/13\/2022\/09\/cropped-logo-1.png","width":1000,"height":755,"caption":"Sucursal Tlajomulco"},"image":{"@id":"https:\/\/optimofuturo.com\/real-del-valle\/#\/schema\/logo\/image\/"}}]}},"_links":{"self":[{"href":"https:\/\/optimofuturo.com\/real-del-valle\/wp-json\/wp\/v2\/pages\/136"}],"collection":[{"href":"https:\/\/optimofuturo.com\/real-del-valle\/wp-json\/wp\/v2\/pages"}],"about":[{"href":"https:\/\/optimofuturo.com\/real-del-valle\/wp-json\/wp\/v2\/types\/page"}],"author":[{"embeddable":true,"href":"https:\/\/optimofuturo.com\/real-del-valle\/wp-json\/wp\/v2\/users\/13"}],"replies":[{"embeddable":true,"href":"https:\/\/optimofuturo.com\/real-del-valle\/wp-json\/wp\/v2\/comments?post=136"}],"version-history":[{"count":0,"href":"https:\/\/optimofuturo.com\/real-del-valle\/wp-json\/wp\/v2\/pages\/136\/revisions"}],"wp:attachment":[{"href":"https:\/\/optimofuturo.com\/real-del-valle\/wp-json\/wp\/v2\/media?parent=136"}],"curies":[{"name":"wp","href":"https:\/\/api.w.org\/{rel}","templated":true}]}}