{"id":162,"date":"2022-03-25T03:14:09","date_gmt":"2022-03-25T09:14:09","guid":{"rendered":"https:\/\/optimofuturo.com\/?page_id=162"},"modified":"2022-03-25T03:14:09","modified_gmt":"2022-03-25T09:14:09","slug":"calcular-pension","status":"publish","type":"page","link":"https:\/\/optimofuturo.com\/real-del-valle\/calcular-pension\/","title":{"rendered":"Calcular Pensi\u00f3n"},"content":{"rendered":"\t\t<div data-elementor-type=\"wp-page\" data-elementor-id=\"162\" class=\"elementor elementor-162\" data-elementor-post-type=\"page\">\n\t\t\t\t\t\t<section class=\"elementor-section elementor-top-section elementor-element elementor-element-ba77d5b elementor-section-boxed elementor-section-height-default elementor-section-height-default\" data-id=\"ba77d5b\" data-element_type=\"section\" data-e-type=\"section\">\n\t\t\t\t\t\t<div class=\"elementor-container elementor-column-gap-default\">\n\t\t\t\t\t<div class=\"elementor-column elementor-col-50 elementor-top-column elementor-element elementor-element-b240fc4\" data-id=\"b240fc4\" data-element_type=\"column\" data-e-type=\"column\">\n\t\t\t<div class=\"elementor-widget-wrap elementor-element-populated\">\n\t\t\t\t\t\t<div class=\"elementor-element elementor-element-6fa3c794 elementor-widget elementor-widget-heading\" data-id=\"6fa3c794\" data-element_type=\"widget\" data-e-type=\"widget\" data-widget_type=\"heading.default\">\n\t\t\t\t<div class=\"elementor-widget-container\">\n\t\t\t\t\t<h2 class=\"elementor-heading-title elementor-size-default\">Calcular Pensi\u00f3n IMSS<\/h2>\t\t\t\t<\/div>\n\t\t\t\t<\/div>\n\t\t\t\t<div class=\"elementor-element elementor-element-1922eb06 elementor-widget elementor-widget-heading\" data-id=\"1922eb06\" data-element_type=\"widget\" data-e-type=\"widget\" data-widget_type=\"heading.default\">\n\t\t\t\t<div class=\"elementor-widget-container\">\n\t\t\t\t\t<span class=\"elementor-heading-title elementor-size-medium\">Como simular tu c\u00e1lculo de pensi\u00f3n<\/span>\t\t\t\t<\/div>\n\t\t\t\t<\/div>\n\t\t\t\t<div class=\"elementor-element elementor-element-77f5c5e1 elementor-widget elementor-widget-text-editor\" data-id=\"77f5c5e1\" data-element_type=\"widget\" data-e-type=\"widget\" data-widget_type=\"text-editor.default\">\n\t\t\t\t<div class=\"elementor-widget-container\">\n\t\t\t\t\t\t\t\t\t<p>Una de las preguntas recurrentes de muchas personas que est\u00e1n por jubilarse, es conocer cu\u00e1nto les corresponde de <strong>pensi\u00f3n mensual<\/strong>. Es una prestaci\u00f3n econ\u00f3mica destinada a proteger al <strong>trabajador<\/strong> o trabajadora al cumplir al menos 60 a\u00f1os de edad.<\/p><p>Recuerda que para obtener una pensi\u00f3n de cesant\u00eda en edad avanzada o vejez debes cumplir con lo siguiente:<\/p><ul><li>Tener <strong>60 a\u00f1os cumplidos<\/strong> a la fecha de solicitud de pensi\u00f3n.<\/li><li>Estar dado de baja en el r\u00e9gimen obligatorio del Seguro Social, es decir, no tener trabajo remunerado.<\/li><li>Estar dentro del periodo de la conservaci\u00f3n de derechos.<\/li><li>Tener al menos <strong>500 semanas cotizadas<\/strong>.<\/li><li>Tener cotizaciones antes del <strong>1 de julio de 1997<\/strong>, para poder elegir la aplicaci\u00f3n de la Ley del Seguro Social vigente hasta el <strong>30 de junio de 1997<\/strong>.<\/li><\/ul>\t\t\t\t\t\t\t\t<\/div>\n\t\t\t\t<\/div>\n\t\t\t\t<div class=\"elementor-element elementor-element-4c826f99 elementor-widget elementor-widget-heading\" data-id=\"4c826f99\" data-element_type=\"widget\" data-e-type=\"widget\" data-widget_type=\"heading.default\">\n\t\t\t\t<div class=\"elementor-widget-container\">\n\t\t\t\t\t<h3 class=\"elementor-heading-title elementor-size-large\">\u00bfC\u00f3mo funciona?<\/h3>\t\t\t\t<\/div>\n\t\t\t\t<\/div>\n\t\t\t\t\t<\/div>\n\t\t<\/div>\n\t\t\t\t<div class=\"elementor-column elementor-col-50 elementor-top-column elementor-element elementor-element-6d7b717d\" data-id=\"6d7b717d\" data-element_type=\"column\" data-e-type=\"column\">\n\t\t\t<div class=\"elementor-widget-wrap elementor-element-populated\">\n\t\t\t\t\t\t<div class=\"elementor-element elementor-element-19c15163 elementor-align-center elementor-widget elementor-widget-lottie\" data-id=\"19c15163\" data-element_type=\"widget\" data-e-type=\"widget\" data-settings=\"{&quot;source_json&quot;:{&quot;url&quot;:&quot;https:\\\/\\\/optimofuturo.com\\\/wp-content\\\/uploads\\\/2022\\\/03\\\/calculadora.json&quot;,&quot;id&quot;:166,&quot;size&quot;:&quot;&quot;,&quot;alt&quot;:&quot;&quot;,&quot;source&quot;:&quot;library&quot;},&quot;loop&quot;:&quot;yes&quot;,&quot;play_speed&quot;:{&quot;unit&quot;:&quot;px&quot;,&quot;size&quot;:0.5,&quot;sizes&quot;:[]},&quot;source&quot;:&quot;media_file&quot;,&quot;caption_source&quot;:&quot;none&quot;,&quot;link_to&quot;:&quot;none&quot;,&quot;trigger&quot;:&quot;arriving_to_viewport&quot;,&quot;viewport&quot;:{&quot;unit&quot;:&quot;%&quot;,&quot;size&quot;:&quot;&quot;,&quot;sizes&quot;:{&quot;start&quot;:0,&quot;end&quot;:100}},&quot;start_point&quot;:{&quot;unit&quot;:&quot;%&quot;,&quot;size&quot;:0,&quot;sizes&quot;:[]},&quot;end_point&quot;:{&quot;unit&quot;:&quot;%&quot;,&quot;size&quot;:100,&quot;sizes&quot;:[]},&quot;renderer&quot;:&quot;svg&quot;}\" data-widget_type=\"lottie.default\">\n\t\t\t\t<div class=\"elementor-widget-container\">\n\t\t\t\t\t<div class=\"e-lottie__container\"><div class=\"e-lottie__animation\"><\/div><\/div>\t\t\t\t<\/div>\n\t\t\t\t<\/div>\n\t\t\t\t\t<\/div>\n\t\t<\/div>\n\t\t\t\t\t<\/div>\n\t\t<\/section>\n\t\t\t\t<\/div>\n\t\t","protected":false},"excerpt":{"rendered":"<p>Calcular Pensi\u00f3n IMSS Como simular tu c\u00e1lculo de pensi\u00f3n Una de las preguntas recurrentes de muchas personas que est\u00e1n por jubilarse, es conocer cu\u00e1nto les corresponde de pensi\u00f3n mensual. Es una prestaci\u00f3n econ\u00f3mica destinada a proteger al trabajador o trabajadora al cumplir al menos 60 a\u00f1os de edad. Recuerda que para obtener una pensi\u00f3n de [&hellip;]<\/p>\n","protected":false},"author":13,"featured_media":0,"parent":0,"menu_order":0,"comment_status":"closed","ping_status":"closed","template":"","meta":{"site-sidebar-layout":"no-sidebar","site-content-layout":"page-builder","ast-site-content-layout":"default","site-content-style":"default","site-sidebar-style":"default","ast-global-header-display":"","ast-banner-title-visibility":"","ast-main-header-display":"","ast-hfb-above-header-display":"","ast-hfb-below-header-display":"","ast-hfb-mobile-header-display":"","site-post-title":"disabled","ast-breadcrumbs-content":"","ast-featured-img":"disabled","footer-sml-layout":"","ast-disable-related-posts":"","theme-transparent-header-meta":"","adv-header-id-meta":"","stick-header-meta":"","header-above-stick-meta":"","header-main-stick-meta":"","header-below-stick-meta":"","astra-migrate-meta-layouts":"default","ast-page-background-enabled":"default","ast-page-background-meta":{"desktop":{"background-color":"var(--ast-global-color-4)","background-image":"","background-repeat":"repeat","background-position":"center center","background-size":"auto","background-attachment":"scroll","background-type":"","background-media":"","overlay-type":"","overlay-color":"","overlay-opacity":"","overlay-gradient":""},"tablet":{"background-color":"","background-image":"","background-repeat":"repeat","background-position":"center center","background-size":"auto","background-attachment":"scroll","background-type":"","background-media":"","overlay-type":"","overlay-color":"","overlay-opacity":"","overlay-gradient":""},"mobile":{"background-color":"","background-image":"","background-repeat":"repeat","background-position":"center center","background-size":"auto","background-attachment":"scroll","background-type":"","background-media":"","overlay-type":"","overlay-color":"","overlay-opacity":"","overlay-gradient":""}},"ast-content-background-meta":{"desktop":{"background-color":"var(--ast-global-color-5)","background-image":"","background-repeat":"repeat","background-position":"center center","background-size":"auto","background-attachment":"scroll","background-type":"","background-media":"","overlay-type":"","overlay-color":"","overlay-opacity":"","overlay-gradient":""},"tablet":{"background-color":"var(--ast-global-color-5)","background-image":"","background-repeat":"repeat","background-position":"center center","background-size":"auto","background-attachment":"scroll","background-type":"","background-media":"","overlay-type":"","overlay-color":"","overlay-opacity":"","overlay-gradient":""},"mobile":{"background-color":"var(--ast-global-color-5)","background-image":"","background-repeat":"repeat","background-position":"center center","background-size":"auto","background-attachment":"scroll","background-type":"","background-media":"","overlay-type":"","overlay-color":"","overlay-opacity":"","overlay-gradient":""}},"footnotes":""},"class_list":["post-162","page","type-page","status-publish","hentry"],"yoast_head":"<!-- This site is optimized with the Yoast SEO plugin v25.6 - https:\/\/yoast.com\/wordpress\/plugins\/seo\/ -->\n<title>Calcular Pensi\u00f3n - Sucursal Tlajomulco<\/title>\n<meta name=\"robots\" content=\"index, follow, max-snippet:-1, max-image-preview:large, max-video-preview:-1\" \/>\n<link rel=\"canonical\" href=\"https:\/\/optimofuturo.com\/real-del-valle\/calcular-pension\/\" \/>\n<meta property=\"og:locale\" content=\"es_MX\" \/>\n<meta property=\"og:type\" content=\"article\" \/>\n<meta property=\"og:title\" content=\"Calcular Pensi\u00f3n - Sucursal Tlajomulco\" \/>\n<meta property=\"og:description\" content=\"Calcular Pensi\u00f3n IMSS Como simular tu c\u00e1lculo de pensi\u00f3n Una de las preguntas recurrentes de muchas personas que est\u00e1n por jubilarse, es conocer cu\u00e1nto les corresponde de pensi\u00f3n mensual. Es una prestaci\u00f3n econ\u00f3mica destinada a proteger al trabajador o trabajadora al cumplir al menos 60 a\u00f1os de edad. Recuerda que para obtener una pensi\u00f3n de [&hellip;]\" \/>\n<meta property=\"og:url\" content=\"https:\/\/optimofuturo.com\/real-del-valle\/calcular-pension\/\" \/>\n<meta property=\"og:site_name\" content=\"Sucursal Tlajomulco\" \/>\n<meta name=\"twitter:card\" content=\"summary_large_image\" \/>\n<meta name=\"twitter:label1\" content=\"Tiempo de lectura\" \/>\n\t<meta name=\"twitter:data1\" content=\"1 minuto\" \/>\n<script type=\"application\/ld+json\" class=\"yoast-schema-graph\">{\"@context\":\"https:\/\/schema.org\",\"@graph\":[{\"@type\":\"WebPage\",\"@id\":\"https:\/\/optimofuturo.com\/real-del-valle\/calcular-pension\/\",\"url\":\"https:\/\/optimofuturo.com\/real-del-valle\/calcular-pension\/\",\"name\":\"Calcular Pensi\u00f3n - Sucursal Tlajomulco\",\"isPartOf\":{\"@id\":\"https:\/\/optimofuturo.com\/real-del-valle\/#website\"},\"datePublished\":\"2022-03-25T09:14:09+00:00\",\"breadcrumb\":{\"@id\":\"https:\/\/optimofuturo.com\/real-del-valle\/calcular-pension\/#breadcrumb\"},\"inLanguage\":\"es\",\"potentialAction\":[{\"@type\":\"ReadAction\",\"target\":[\"https:\/\/optimofuturo.com\/real-del-valle\/calcular-pension\/\"]}]},{\"@type\":\"BreadcrumbList\",\"@id\":\"https:\/\/optimofuturo.com\/real-del-valle\/calcular-pension\/#breadcrumb\",\"itemListElement\":[{\"@type\":\"ListItem\",\"position\":1,\"name\":\"Home\",\"item\":\"https:\/\/optimofuturo.com\/real-del-valle\/\"},{\"@type\":\"ListItem\",\"position\":2,\"name\":\"Calcular Pensi\u00f3n\"}]},{\"@type\":\"WebSite\",\"@id\":\"https:\/\/optimofuturo.com\/real-del-valle\/#website\",\"url\":\"https:\/\/optimofuturo.com\/real-del-valle\/\",\"name\":\"Sucursal Tlajomulco\",\"description\":\"Optimo Futuro\",\"publisher\":{\"@id\":\"https:\/\/optimofuturo.com\/real-del-valle\/#organization\"},\"potentialAction\":[{\"@type\":\"SearchAction\",\"target\":{\"@type\":\"EntryPoint\",\"urlTemplate\":\"https:\/\/optimofuturo.com\/real-del-valle\/?s={search_term_string}\"},\"query-input\":{\"@type\":\"PropertyValueSpecification\",\"valueRequired\":true,\"valueName\":\"search_term_string\"}}],\"inLanguage\":\"es\"},{\"@type\":\"Organization\",\"@id\":\"https:\/\/optimofuturo.com\/real-del-valle\/#organization\",\"name\":\"Sucursal Tlajomulco\",\"url\":\"https:\/\/optimofuturo.com\/real-del-valle\/\",\"logo\":{\"@type\":\"ImageObject\",\"inLanguage\":\"es\",\"@id\":\"https:\/\/optimofuturo.com\/real-del-valle\/#\/schema\/logo\/image\/\",\"url\":\"https:\/\/optimofuturo.com\/real-del-valle\/wp-content\/uploads\/sites\/13\/2022\/09\/cropped-logo-1.png\",\"contentUrl\":\"https:\/\/optimofuturo.com\/real-del-valle\/wp-content\/uploads\/sites\/13\/2022\/09\/cropped-logo-1.png\",\"width\":1000,\"height\":755,\"caption\":\"Sucursal Tlajomulco\"},\"image\":{\"@id\":\"https:\/\/optimofuturo.com\/real-del-valle\/#\/schema\/logo\/image\/\"}}]}<\/script>\n<!-- \/ Yoast SEO plugin. -->","yoast_head_json":{"title":"Calcular Pensi\u00f3n - Sucursal Tlajomulco","robots":{"index":"index","follow":"follow","max-snippet":"max-snippet:-1","max-image-preview":"max-image-preview:large","max-video-preview":"max-video-preview:-1"},"canonical":"https:\/\/optimofuturo.com\/real-del-valle\/calcular-pension\/","og_locale":"es_MX","og_type":"article","og_title":"Calcular Pensi\u00f3n - Sucursal Tlajomulco","og_description":"Calcular Pensi\u00f3n IMSS Como simular tu c\u00e1lculo de pensi\u00f3n Una de las preguntas recurrentes de muchas personas que est\u00e1n por jubilarse, es conocer cu\u00e1nto les corresponde de pensi\u00f3n mensual. Es una prestaci\u00f3n econ\u00f3mica destinada a proteger al trabajador o trabajadora al cumplir al menos 60 a\u00f1os de edad. Recuerda que para obtener una pensi\u00f3n de [&hellip;]","og_url":"https:\/\/optimofuturo.com\/real-del-valle\/calcular-pension\/","og_site_name":"Sucursal Tlajomulco","twitter_card":"summary_large_image","twitter_misc":{"Tiempo de lectura":"1 minuto"},"schema":{"@context":"https:\/\/schema.org","@graph":[{"@type":"WebPage","@id":"https:\/\/optimofuturo.com\/real-del-valle\/calcular-pension\/","url":"https:\/\/optimofuturo.com\/real-del-valle\/calcular-pension\/","name":"Calcular Pensi\u00f3n - Sucursal Tlajomulco","isPartOf":{"@id":"https:\/\/optimofuturo.com\/real-del-valle\/#website"},"datePublished":"2022-03-25T09:14:09+00:00","breadcrumb":{"@id":"https:\/\/optimofuturo.com\/real-del-valle\/calcular-pension\/#breadcrumb"},"inLanguage":"es","potentialAction":[{"@type":"ReadAction","target":["https:\/\/optimofuturo.com\/real-del-valle\/calcular-pension\/"]}]},{"@type":"BreadcrumbList","@id":"https:\/\/optimofuturo.com\/real-del-valle\/calcular-pension\/#breadcrumb","itemListElement":[{"@type":"ListItem","position":1,"name":"Home","item":"https:\/\/optimofuturo.com\/real-del-valle\/"},{"@type":"ListItem","position":2,"name":"Calcular Pensi\u00f3n"}]},{"@type":"WebSite","@id":"https:\/\/optimofuturo.com\/real-del-valle\/#website","url":"https:\/\/optimofuturo.com\/real-del-valle\/","name":"Sucursal Tlajomulco","description":"Optimo Futuro","publisher":{"@id":"https:\/\/optimofuturo.com\/real-del-valle\/#organization"},"potentialAction":[{"@type":"SearchAction","target":{"@type":"EntryPoint","urlTemplate":"https:\/\/optimofuturo.com\/real-del-valle\/?s={search_term_string}"},"query-input":{"@type":"PropertyValueSpecification","valueRequired":true,"valueName":"search_term_string"}}],"inLanguage":"es"},{"@type":"Organization","@id":"https:\/\/optimofuturo.com\/real-del-valle\/#organization","name":"Sucursal Tlajomulco","url":"https:\/\/optimofuturo.com\/real-del-valle\/","logo":{"@type":"ImageObject","inLanguage":"es","@id":"https:\/\/optimofuturo.com\/real-del-valle\/#\/schema\/logo\/image\/","url":"https:\/\/optimofuturo.com\/real-del-valle\/wp-content\/uploads\/sites\/13\/2022\/09\/cropped-logo-1.png","contentUrl":"https:\/\/optimofuturo.com\/real-del-valle\/wp-content\/uploads\/sites\/13\/2022\/09\/cropped-logo-1.png","width":1000,"height":755,"caption":"Sucursal Tlajomulco"},"image":{"@id":"https:\/\/optimofuturo.com\/real-del-valle\/#\/schema\/logo\/image\/"}}]}},"_links":{"self":[{"href":"https:\/\/optimofuturo.com\/real-del-valle\/wp-json\/wp\/v2\/pages\/162"}],"collection":[{"href":"https:\/\/optimofuturo.com\/real-del-valle\/wp-json\/wp\/v2\/pages"}],"about":[{"href":"https:\/\/optimofuturo.com\/real-del-valle\/wp-json\/wp\/v2\/types\/page"}],"author":[{"embeddable":true,"href":"https:\/\/optimofuturo.com\/real-del-valle\/wp-json\/wp\/v2\/users\/13"}],"replies":[{"embeddable":true,"href":"https:\/\/optimofuturo.com\/real-del-valle\/wp-json\/wp\/v2\/comments?post=162"}],"version-history":[{"count":0,"href":"https:\/\/optimofuturo.com\/real-del-valle\/wp-json\/wp\/v2\/pages\/162\/revisions"}],"wp:attachment":[{"href":"https:\/\/optimofuturo.com\/real-del-valle\/wp-json\/wp\/v2\/media?parent=162"}],"curies":[{"name":"wp","href":"https:\/\/api.w.org\/{rel}","templated":true}]}}