{"id":86,"date":"2022-03-25T02:36:28","date_gmt":"2022-03-25T08:36:28","guid":{"rendered":"https:\/\/optimofuturo.com\/?page_id=86"},"modified":"2022-03-25T02:36:28","modified_gmt":"2022-03-25T08:36:28","slug":"cambios-de-afore","status":"publish","type":"page","link":"https:\/\/optimofuturo.com\/real-del-valle\/cambios-de-afore\/","title":{"rendered":"Cambios de Afore"},"content":{"rendered":"\t\t<div data-elementor-type=\"wp-page\" data-elementor-id=\"86\" class=\"elementor elementor-86\" data-elementor-post-type=\"page\">\n\t\t\t\t\t\t<section class=\"elementor-section elementor-top-section elementor-element elementor-element-709c9fe8 elementor-section-boxed elementor-section-height-default elementor-section-height-default\" data-id=\"709c9fe8\" data-element_type=\"section\" data-e-type=\"section\">\n\t\t\t\t\t\t<div class=\"elementor-container elementor-column-gap-default\">\n\t\t\t\t\t<div class=\"elementor-column elementor-col-50 elementor-top-column elementor-element elementor-element-30df66af\" data-id=\"30df66af\" data-element_type=\"column\" data-e-type=\"column\">\n\t\t\t<div class=\"elementor-widget-wrap elementor-element-populated\">\n\t\t\t\t\t\t<div class=\"elementor-element elementor-element-6538b1b8 elementor-widget elementor-widget-heading\" data-id=\"6538b1b8\" data-element_type=\"widget\" data-e-type=\"widget\" data-widget_type=\"heading.default\">\n\t\t\t\t<div class=\"elementor-widget-container\">\n\t\t\t\t\t<h2 class=\"elementor-heading-title elementor-size-default\">Ventajas de Cambiarte de Afore<\/h2>\t\t\t\t<\/div>\n\t\t\t\t<\/div>\n\t\t\t\t<div class=\"elementor-element elementor-element-73907b59 elementor-widget elementor-widget-heading\" data-id=\"73907b59\" data-element_type=\"widget\" data-e-type=\"widget\" data-widget_type=\"heading.default\">\n\t\t\t\t<div class=\"elementor-widget-container\">\n\t\t\t\t\t<span class=\"elementor-heading-title elementor-size-medium\">Nosotros te Ayudamos<\/span>\t\t\t\t<\/div>\n\t\t\t\t<\/div>\n\t\t\t\t<div class=\"elementor-element elementor-element-2dbac913 elementor-widget elementor-widget-text-editor\" data-id=\"2dbac913\" data-element_type=\"widget\" data-e-type=\"widget\" data-widget_type=\"text-editor.default\">\n\t\t\t\t<div class=\"elementor-widget-container\">\n\t\t\t\t\t\t\t\t\t<ul><li><strong>Mejores rendimientos:<\/strong> este es el principal motivo por lo un trabajador puede elegir una Afore sobre otra, pues seg\u00fan a la Siefore generacional al que pertenezca descubrir\u00e1 si la administradora de su dinero es la que ofrece los rendimientos m\u00e1s alto o por el contrario es la de menor ganancia, lo que puede orillar a cambiar de Afore.<\/li><li><strong>Comisiones m\u00e1s bajas:<\/strong> un punto que suele no considerarse pero es de suma importancia es la comisi\u00f3n que llegan a cobrar. Si bien, cada a\u00f1o se fija un tope de comisiones que ninguna administradora debe de superar. Conviene elegir aquella con la comisi\u00f3n m\u00e1s baja.<\/li><li><strong>Accesibilidad de sucursales:<\/strong> este es un punto que se liga al anterior ya que en caso de necesitar de un tr\u00e1mite presencial o generar tu expediente biom\u00e9trico, preferir\u00e1s de aquella Afore que est\u00e9 m\u00e1s cercana a tu domicilio.<\/li><\/ul>\t\t\t\t\t\t\t\t<\/div>\n\t\t\t\t<\/div>\n\t\t\t\t<div class=\"elementor-element elementor-element-33966c4c elementor-widget elementor-widget-heading\" data-id=\"33966c4c\" data-element_type=\"widget\" data-e-type=\"widget\" data-widget_type=\"heading.default\">\n\t\t\t\t<div class=\"elementor-widget-container\">\n\t\t\t\t\t<span class=\"elementor-heading-title elementor-size-default\">OBT\u00c9N MEJORES RENDIMIENTOS<\/span>\t\t\t\t<\/div>\n\t\t\t\t<\/div>\n\t\t\t\t\t<\/div>\n\t\t<\/div>\n\t\t\t\t<div class=\"elementor-column elementor-col-50 elementor-top-column elementor-element elementor-element-272b76e\" data-id=\"272b76e\" data-element_type=\"column\" data-e-type=\"column\">\n\t\t\t<div class=\"elementor-widget-wrap elementor-element-populated\">\n\t\t\t\t\t\t<div class=\"elementor-element elementor-element-ad2443c elementor-align-center elementor-widget elementor-widget-lottie\" data-id=\"ad2443c\" data-element_type=\"widget\" data-e-type=\"widget\" data-settings=\"{&quot;source_json&quot;:{&quot;url&quot;:&quot;https:\\\/\\\/optimofuturo.com\\\/wp-content\\\/uploads\\\/2022\\\/03\\\/Cambio-de-Afore.json&quot;,&quot;id&quot;:21,&quot;size&quot;:&quot;&quot;},&quot;loop&quot;:&quot;yes&quot;,&quot;source&quot;:&quot;media_file&quot;,&quot;caption_source&quot;:&quot;none&quot;,&quot;link_to&quot;:&quot;none&quot;,&quot;trigger&quot;:&quot;arriving_to_viewport&quot;,&quot;viewport&quot;:{&quot;unit&quot;:&quot;%&quot;,&quot;size&quot;:&quot;&quot;,&quot;sizes&quot;:{&quot;start&quot;:0,&quot;end&quot;:100}},&quot;play_speed&quot;:{&quot;unit&quot;:&quot;px&quot;,&quot;size&quot;:1,&quot;sizes&quot;:[]},&quot;start_point&quot;:{&quot;unit&quot;:&quot;%&quot;,&quot;size&quot;:0,&quot;sizes&quot;:[]},&quot;end_point&quot;:{&quot;unit&quot;:&quot;%&quot;,&quot;size&quot;:100,&quot;sizes&quot;:[]},&quot;renderer&quot;:&quot;svg&quot;}\" data-widget_type=\"lottie.default\">\n\t\t\t\t<div class=\"elementor-widget-container\">\n\t\t\t\t\t<div class=\"e-lottie__container\"><div class=\"e-lottie__animation\"><\/div><\/div>\t\t\t\t<\/div>\n\t\t\t\t<\/div>\n\t\t\t\t\t<\/div>\n\t\t<\/div>\n\t\t\t\t\t<\/div>\n\t\t<\/section>\n\t\t\t\t<\/div>\n\t\t","protected":false},"excerpt":{"rendered":"<p>Ventajas de Cambiarte de Afore Nosotros te Ayudamos Mejores rendimientos: este es el principal motivo por lo un trabajador puede elegir una Afore sobre otra, pues seg\u00fan a la Siefore generacional al que pertenezca descubrir\u00e1 si la administradora de su dinero es la que ofrece los rendimientos m\u00e1s alto o por el contrario es la [&hellip;]<\/p>\n","protected":false},"author":13,"featured_media":0,"parent":0,"menu_order":0,"comment_status":"closed","ping_status":"closed","template":"","meta":{"site-sidebar-layout":"no-sidebar","site-content-layout":"page-builder","ast-site-content-layout":"default","site-content-style":"default","site-sidebar-style":"default","ast-global-header-display":"","ast-banner-title-visibility":"","ast-main-header-display":"","ast-hfb-above-header-display":"","ast-hfb-below-header-display":"","ast-hfb-mobile-header-display":"","site-post-title":"disabled","ast-breadcrumbs-content":"","ast-featured-img":"disabled","footer-sml-layout":"","ast-disable-related-posts":"","theme-transparent-header-meta":"","adv-header-id-meta":"","stick-header-meta":"","header-above-stick-meta":"","header-main-stick-meta":"","header-below-stick-meta":"","astra-migrate-meta-layouts":"default","ast-page-background-enabled":"default","ast-page-background-meta":{"desktop":{"background-color":"var(--ast-global-color-4)","background-image":"","background-repeat":"repeat","background-position":"center center","background-size":"auto","background-attachment":"scroll","background-type":"","background-media":"","overlay-type":"","overlay-color":"","overlay-opacity":"","overlay-gradient":""},"tablet":{"background-color":"","background-image":"","background-repeat":"repeat","background-position":"center center","background-size":"auto","background-attachment":"scroll","background-type":"","background-media":"","overlay-type":"","overlay-color":"","overlay-opacity":"","overlay-gradient":""},"mobile":{"background-color":"","background-image":"","background-repeat":"repeat","background-position":"center center","background-size":"auto","background-attachment":"scroll","background-type":"","background-media":"","overlay-type":"","overlay-color":"","overlay-opacity":"","overlay-gradient":""}},"ast-content-background-meta":{"desktop":{"background-color":"var(--ast-global-color-5)","background-image":"","background-repeat":"repeat","background-position":"center center","background-size":"auto","background-attachment":"scroll","background-type":"","background-media":"","overlay-type":"","overlay-color":"","overlay-opacity":"","overlay-gradient":""},"tablet":{"background-color":"var(--ast-global-color-5)","background-image":"","background-repeat":"repeat","background-position":"center center","background-size":"auto","background-attachment":"scroll","background-type":"","background-media":"","overlay-type":"","overlay-color":"","overlay-opacity":"","overlay-gradient":""},"mobile":{"background-color":"var(--ast-global-color-5)","background-image":"","background-repeat":"repeat","background-position":"center center","background-size":"auto","background-attachment":"scroll","background-type":"","background-media":"","overlay-type":"","overlay-color":"","overlay-opacity":"","overlay-gradient":""}},"footnotes":""},"class_list":["post-86","page","type-page","status-publish","hentry"],"yoast_head":"<!-- This site is optimized with the Yoast SEO plugin v25.6 - https:\/\/yoast.com\/wordpress\/plugins\/seo\/ -->\n<title>Cambios de Afore - Sucursal Tlajomulco<\/title>\n<meta name=\"robots\" content=\"index, follow, max-snippet:-1, max-image-preview:large, max-video-preview:-1\" \/>\n<link rel=\"canonical\" href=\"https:\/\/optimofuturo.com\/real-del-valle\/cambios-de-afore\/\" \/>\n<meta property=\"og:locale\" content=\"es_MX\" \/>\n<meta property=\"og:type\" content=\"article\" \/>\n<meta property=\"og:title\" content=\"Cambios de Afore - Sucursal Tlajomulco\" \/>\n<meta property=\"og:description\" content=\"Ventajas de Cambiarte de Afore Nosotros te Ayudamos Mejores rendimientos: este es el principal motivo por lo un trabajador puede elegir una Afore sobre otra, pues seg\u00fan a la Siefore generacional al que pertenezca descubrir\u00e1 si la administradora de su dinero es la que ofrece los rendimientos m\u00e1s alto o por el contrario es la [&hellip;]\" \/>\n<meta property=\"og:url\" content=\"https:\/\/optimofuturo.com\/real-del-valle\/cambios-de-afore\/\" \/>\n<meta property=\"og:site_name\" content=\"Sucursal Tlajomulco\" \/>\n<meta name=\"twitter:card\" content=\"summary_large_image\" \/>\n<meta name=\"twitter:label1\" content=\"Tiempo de lectura\" \/>\n\t<meta name=\"twitter:data1\" content=\"1 minuto\" \/>\n<script type=\"application\/ld+json\" class=\"yoast-schema-graph\">{\"@context\":\"https:\/\/schema.org\",\"@graph\":[{\"@type\":\"WebPage\",\"@id\":\"https:\/\/optimofuturo.com\/real-del-valle\/cambios-de-afore\/\",\"url\":\"https:\/\/optimofuturo.com\/real-del-valle\/cambios-de-afore\/\",\"name\":\"Cambios de Afore - Sucursal Tlajomulco\",\"isPartOf\":{\"@id\":\"https:\/\/optimofuturo.com\/real-del-valle\/#website\"},\"datePublished\":\"2022-03-25T08:36:28+00:00\",\"breadcrumb\":{\"@id\":\"https:\/\/optimofuturo.com\/real-del-valle\/cambios-de-afore\/#breadcrumb\"},\"inLanguage\":\"es\",\"potentialAction\":[{\"@type\":\"ReadAction\",\"target\":[\"https:\/\/optimofuturo.com\/real-del-valle\/cambios-de-afore\/\"]}]},{\"@type\":\"BreadcrumbList\",\"@id\":\"https:\/\/optimofuturo.com\/real-del-valle\/cambios-de-afore\/#breadcrumb\",\"itemListElement\":[{\"@type\":\"ListItem\",\"position\":1,\"name\":\"Home\",\"item\":\"https:\/\/optimofuturo.com\/real-del-valle\/\"},{\"@type\":\"ListItem\",\"position\":2,\"name\":\"Cambios de Afore\"}]},{\"@type\":\"WebSite\",\"@id\":\"https:\/\/optimofuturo.com\/real-del-valle\/#website\",\"url\":\"https:\/\/optimofuturo.com\/real-del-valle\/\",\"name\":\"Sucursal Tlajomulco\",\"description\":\"Optimo Futuro\",\"publisher\":{\"@id\":\"https:\/\/optimofuturo.com\/real-del-valle\/#organization\"},\"potentialAction\":[{\"@type\":\"SearchAction\",\"target\":{\"@type\":\"EntryPoint\",\"urlTemplate\":\"https:\/\/optimofuturo.com\/real-del-valle\/?s={search_term_string}\"},\"query-input\":{\"@type\":\"PropertyValueSpecification\",\"valueRequired\":true,\"valueName\":\"search_term_string\"}}],\"inLanguage\":\"es\"},{\"@type\":\"Organization\",\"@id\":\"https:\/\/optimofuturo.com\/real-del-valle\/#organization\",\"name\":\"Sucursal Tlajomulco\",\"url\":\"https:\/\/optimofuturo.com\/real-del-valle\/\",\"logo\":{\"@type\":\"ImageObject\",\"inLanguage\":\"es\",\"@id\":\"https:\/\/optimofuturo.com\/real-del-valle\/#\/schema\/logo\/image\/\",\"url\":\"https:\/\/optimofuturo.com\/real-del-valle\/wp-content\/uploads\/sites\/13\/2022\/09\/cropped-logo-1.png\",\"contentUrl\":\"https:\/\/optimofuturo.com\/real-del-valle\/wp-content\/uploads\/sites\/13\/2022\/09\/cropped-logo-1.png\",\"width\":1000,\"height\":755,\"caption\":\"Sucursal Tlajomulco\"},\"image\":{\"@id\":\"https:\/\/optimofuturo.com\/real-del-valle\/#\/schema\/logo\/image\/\"}}]}<\/script>\n<!-- \/ Yoast SEO plugin. -->","yoast_head_json":{"title":"Cambios de Afore - Sucursal Tlajomulco","robots":{"index":"index","follow":"follow","max-snippet":"max-snippet:-1","max-image-preview":"max-image-preview:large","max-video-preview":"max-video-preview:-1"},"canonical":"https:\/\/optimofuturo.com\/real-del-valle\/cambios-de-afore\/","og_locale":"es_MX","og_type":"article","og_title":"Cambios de Afore - Sucursal Tlajomulco","og_description":"Ventajas de Cambiarte de Afore Nosotros te Ayudamos Mejores rendimientos: este es el principal motivo por lo un trabajador puede elegir una Afore sobre otra, pues seg\u00fan a la Siefore generacional al que pertenezca descubrir\u00e1 si la administradora de su dinero es la que ofrece los rendimientos m\u00e1s alto o por el contrario es la [&hellip;]","og_url":"https:\/\/optimofuturo.com\/real-del-valle\/cambios-de-afore\/","og_site_name":"Sucursal Tlajomulco","twitter_card":"summary_large_image","twitter_misc":{"Tiempo de lectura":"1 minuto"},"schema":{"@context":"https:\/\/schema.org","@graph":[{"@type":"WebPage","@id":"https:\/\/optimofuturo.com\/real-del-valle\/cambios-de-afore\/","url":"https:\/\/optimofuturo.com\/real-del-valle\/cambios-de-afore\/","name":"Cambios de Afore - Sucursal Tlajomulco","isPartOf":{"@id":"https:\/\/optimofuturo.com\/real-del-valle\/#website"},"datePublished":"2022-03-25T08:36:28+00:00","breadcrumb":{"@id":"https:\/\/optimofuturo.com\/real-del-valle\/cambios-de-afore\/#breadcrumb"},"inLanguage":"es","potentialAction":[{"@type":"ReadAction","target":["https:\/\/optimofuturo.com\/real-del-valle\/cambios-de-afore\/"]}]},{"@type":"BreadcrumbList","@id":"https:\/\/optimofuturo.com\/real-del-valle\/cambios-de-afore\/#breadcrumb","itemListElement":[{"@type":"ListItem","position":1,"name":"Home","item":"https:\/\/optimofuturo.com\/real-del-valle\/"},{"@type":"ListItem","position":2,"name":"Cambios de Afore"}]},{"@type":"WebSite","@id":"https:\/\/optimofuturo.com\/real-del-valle\/#website","url":"https:\/\/optimofuturo.com\/real-del-valle\/","name":"Sucursal Tlajomulco","description":"Optimo Futuro","publisher":{"@id":"https:\/\/optimofuturo.com\/real-del-valle\/#organization"},"potentialAction":[{"@type":"SearchAction","target":{"@type":"EntryPoint","urlTemplate":"https:\/\/optimofuturo.com\/real-del-valle\/?s={search_term_string}"},"query-input":{"@type":"PropertyValueSpecification","valueRequired":true,"valueName":"search_term_string"}}],"inLanguage":"es"},{"@type":"Organization","@id":"https:\/\/optimofuturo.com\/real-del-valle\/#organization","name":"Sucursal Tlajomulco","url":"https:\/\/optimofuturo.com\/real-del-valle\/","logo":{"@type":"ImageObject","inLanguage":"es","@id":"https:\/\/optimofuturo.com\/real-del-valle\/#\/schema\/logo\/image\/","url":"https:\/\/optimofuturo.com\/real-del-valle\/wp-content\/uploads\/sites\/13\/2022\/09\/cropped-logo-1.png","contentUrl":"https:\/\/optimofuturo.com\/real-del-valle\/wp-content\/uploads\/sites\/13\/2022\/09\/cropped-logo-1.png","width":1000,"height":755,"caption":"Sucursal Tlajomulco"},"image":{"@id":"https:\/\/optimofuturo.com\/real-del-valle\/#\/schema\/logo\/image\/"}}]}},"_links":{"self":[{"href":"https:\/\/optimofuturo.com\/real-del-valle\/wp-json\/wp\/v2\/pages\/86"}],"collection":[{"href":"https:\/\/optimofuturo.com\/real-del-valle\/wp-json\/wp\/v2\/pages"}],"about":[{"href":"https:\/\/optimofuturo.com\/real-del-valle\/wp-json\/wp\/v2\/types\/page"}],"author":[{"embeddable":true,"href":"https:\/\/optimofuturo.com\/real-del-valle\/wp-json\/wp\/v2\/users\/13"}],"replies":[{"embeddable":true,"href":"https:\/\/optimofuturo.com\/real-del-valle\/wp-json\/wp\/v2\/comments?post=86"}],"version-history":[{"count":0,"href":"https:\/\/optimofuturo.com\/real-del-valle\/wp-json\/wp\/v2\/pages\/86\/revisions"}],"wp:attachment":[{"href":"https:\/\/optimofuturo.com\/real-del-valle\/wp-json\/wp\/v2\/media?parent=86"}],"curies":[{"name":"wp","href":"https:\/\/api.w.org\/{rel}","templated":true}]}}